{"id":3915,"date":"2021-05-04T22:42:04","date_gmt":"2021-05-04T19:42:04","guid":{"rendered":"https:\/\/alkaline.lv\/?post_type=product&#038;p=3915"},"modified":"2021-05-04T22:45:04","modified_gmt":"2021-05-04T19:45:04","slug":"galda-kalkulators-rebell-8118-12","status":"publish","type":"product","link":"https:\/\/alkaline.lv\/en\/products\/galda-kalkulators-rebell-8118-12\/","title":{"rendered":"Galda kalkulators REBELL 8118-12"},"content":{"rendered":"<div class=\"PRODUCT__description desc description\">\n<div class=\"PRODUCT__description desc description\">\n<div id=\"product-d013721d1bce3f4869e7d16f7494a891\">\n<div class=\"PRODUCT__actions\">\n<div class=\"PRODUCT__actions-item\">\n<div class=\"PRODUCT__description desc description\">\n<div id=\"product-eb486bd75848c57055b217de29a2474c\">\n<div class=\"PRODUCT__description desc description\">\n<div class=\"PRODUCT__description desc description\">\n<div id=\"product-25b538a4332b937c3adddd2bc589c2ae\">Displejs: 12 cipari<br \/>\nTausti\u0146i: plastmasas<br \/>\nBaro\u0161anas avots: saules un akumulators<br \/>\nSvars (g): 97<br \/>\nIzm\u0113ri (mm): 137 x 104 x 23<br \/>\nTausti\u0146i %, +\/-, 00<br \/>\n3-tausti\u0146u atmi\u0146a<br \/>\nKorekcija tausti\u0146\u0161<br \/>\nMU (Mark up) funkciju<br \/>\nGT &#8211; funkcija<br \/>\n3 gadu garantija<br \/>\nizgatavots no p\u0101rstr\u0101d\u0101tas plastmasas<\/div>\n<p>&nbsp;<\/p>\n<\/div>\n<div class=\"PRODUCT__actions\">\n<div class=\"PRODUCT__actions-item\"><\/div>\n<\/div>\n<\/div>\n<div class=\"PRODUCT__actions\">\n<div class=\"PRODUCT__actions-item\"><\/div>\n<\/div>\n<\/div>\n<p>&nbsp;<\/p>\n<\/div>\n<div class=\"PRODUCT__actions\">\n<div class=\"PRODUCT__actions-item\"><\/div>\n<\/div>\n<\/div>\n<\/div>\n<\/div>\n<p>&nbsp;<\/p>\n<\/div>\n<div class=\"PRODUCT__actions\">\n<div class=\"PRODUCT__actions-item\"><\/div>\n<\/div>\n<\/div>\n<div class=\"PRODUCT__actions\">\n<div class=\"PRODUCT__actions-item\"><\/div>\n<\/div>\n","protected":false},"excerpt":{"rendered":"<div class=\"item_meta\">Cena ar PVN <span style=\"color: #ff0000;\"><strong>6,80 \u20ac<\/strong><\/span><\/div>\n<div><\/div>\n","protected":false},"featured_media":3916,"template":"","meta":{"inline_featured_image":false},"product_cat":[242],"product_tag":[],"class_list":{"0":"post-3915","1":"product","2":"type-product","3":"status-publish","4":"has-post-thumbnail","6":"product_cat-galda-kalkulatori","8":"first","9":"instock","10":"taxable","11":"shipping-taxable","12":"purchasable","13":"product-type-simple","14":"add-to-wishlist-after_add_to_cart"},"_links":{"self":[{"href":"https:\/\/alkaline.lv\/en\/wp-json\/wp\/v2\/product\/3915"}],"collection":[{"href":"https:\/\/alkaline.lv\/en\/wp-json\/wp\/v2\/product"}],"about":[{"href":"https:\/\/alkaline.lv\/en\/wp-json\/wp\/v2\/types\/product"}],"wp:featuredmedia":[{"embeddable":true,"href":"https:\/\/alkaline.lv\/en\/wp-json\/wp\/v2\/media\/3916"}],"wp:attachment":[{"href":"https:\/\/alkaline.lv\/en\/wp-json\/wp\/v2\/media?parent=3915"}],"wp:term":[{"taxonomy":"product_cat","embeddable":true,"href":"https:\/\/alkaline.lv\/en\/wp-json\/wp\/v2\/product_cat?post=3915"},{"taxonomy":"product_tag","embeddable":true,"href":"https:\/\/alkaline.lv\/en\/wp-json\/wp\/v2\/product_tag?post=3915"}],"curies":[{"name":"wp","href":"https:\/\/api.w.org\/{rel}","templated":true}]}}