{"id":3962,"date":"2021-05-05T18:36:05","date_gmt":"2021-05-05T15:36:05","guid":{"rendered":"https:\/\/alkaline.lv\/?post_type=product&#038;p=3962"},"modified":"2022-11-14T18:02:40","modified_gmt":"2022-11-14T16:02:40","slug":"ielas-slota-ar-katu-slipa-120-cm-nutty-garden","status":"publish","type":"product","link":"https:\/\/alkaline.lv\/en\/products\/ielas-slota-ar-katu-slipa-120-cm-nutty-garden\/","title":{"rendered":"Ielas slota ar k\u0101tu sl\u012bpa 120 cm NUTTY GARDEN"},"content":{"rendered":"<p>Ielas slota ar k\u0101tu sl\u012bpa 120 cm NUTTY GARDEN<\/p>\n","protected":false},"excerpt":{"rendered":"<p>Ielas slota ar k\u0101tu sl\u012bpa 120 cm NUTTY GARDEN<\/p>\n","protected":false},"featured_media":3963,"template":"","meta":{"inline_featured_image":false},"product_cat":[176],"product_tag":[],"class_list":{"0":"post-3962","1":"product","2":"type-product","3":"status-publish","4":"has-post-thumbnail","6":"product_cat-ara-birstes-un-slotas","8":"first","9":"instock","10":"taxable","11":"shipping-taxable","12":"purchasable","13":"product-type-simple","14":"add-to-wishlist-after_add_to_cart"},"_links":{"self":[{"href":"https:\/\/alkaline.lv\/en\/wp-json\/wp\/v2\/product\/3962"}],"collection":[{"href":"https:\/\/alkaline.lv\/en\/wp-json\/wp\/v2\/product"}],"about":[{"href":"https:\/\/alkaline.lv\/en\/wp-json\/wp\/v2\/types\/product"}],"wp:featuredmedia":[{"embeddable":true,"href":"https:\/\/alkaline.lv\/en\/wp-json\/wp\/v2\/media\/3963"}],"wp:attachment":[{"href":"https:\/\/alkaline.lv\/en\/wp-json\/wp\/v2\/media?parent=3962"}],"wp:term":[{"taxonomy":"product_cat","embeddable":true,"href":"https:\/\/alkaline.lv\/en\/wp-json\/wp\/v2\/product_cat?post=3962"},{"taxonomy":"product_tag","embeddable":true,"href":"https:\/\/alkaline.lv\/en\/wp-json\/wp\/v2\/product_tag?post=3962"}],"curies":[{"name":"wp","href":"https:\/\/api.w.org\/{rel}","templated":true}]}}