{"id":3987,"date":"2021-05-06T14:01:14","date_gmt":"2021-05-06T11:01:14","guid":{"rendered":"https:\/\/alkaline.lv\/?post_type=product&#038;p=3987"},"modified":"2023-08-17T12:27:54","modified_gmt":"2023-08-17T09:27:54","slug":"roku-dezinfekcijas-lidzeklis-seal-alcohol-gel-100ml-2","status":"publish","type":"product","link":"https:\/\/alkaline.lv\/en\/products\/roku-dezinfekcijas-lidzeklis-seal-alcohol-gel-100ml-2\/","title":{"rendered":"Roku dezinfekcijas l\u012bdzeklis (70%), SEAL Alcohol Gel 100ml"},"content":{"rendered":"<p>MITRINO\u0160S ROKU KOP\u0160ANAS L\u012aDZEKLIS. Kopj un saudz\u0113. Produkta sast\u0101v\u0101 ir roku \u0101du m\u012bkstino\u0161as un mitrino\u0161as vielas. Antibakteri\u0101la iedarb\u012bba. G\u0113ls satur etanolu, kas nodro\u0161ina t\u0101 antibakteri\u0101l\u0101s \u012bpa\u0161\u012bbas. Nelielu daudzumu g\u0113la uzspiest uz rok\u0101m un iemas\u0113t. \u013baut alkoholam iztvaikot. Produkta iedarb\u012bbas laiks 15-30 sek. Lietojam\u0101 deva 5-10g. Lieto\u0161anas bie\u017eums p\u0113c nepiecie\u0161am\u012bbas. Dezinfic\u0113jo\u0161i akt\u012bv\u0101s vielas: etanols (70%). Sast\u0101vs: Alcohol, Aqua, Glycerin, Triethanolamine, Acrylates \/C 10-30 Alkyl Acrylate Crosspolymer.<\/p>\n<p><strong>RA\u017dOT\u0100JS<\/strong><\/p>\n<p>SPODR\u012aBA<\/p>\n<p><strong>UZGLAB\u0100\u0160ANAS NOSAC\u012aJUMI<\/strong><\/p>\n<p>Uzglab\u0101\u0161anas temperat\u016bra: no 5\u00b0C l\u012bdz 25\u00b0C.<\/p>\n<p><strong>IEPAKOJUMS<\/strong><\/p>\n<p>Plastmasa<\/p>\n<p><strong>Tilpums: 100 ml<\/strong><\/p>\n<p><strong>Iepakojum\u0101: 12 gb<\/strong><\/p>\n","protected":false},"excerpt":{"rendered":"<div class=\"item_meta\"><\/div>\n<div><\/div>\n","protected":false},"featured_media":3988,"template":"","meta":{"inline_featured_image":false},"product_cat":[118],"product_tag":[],"class_list":{"0":"post-3987","1":"product","2":"type-product","3":"status-publish","4":"has-post-thumbnail","6":"product_cat-roku-dezinfekcijas-lidzekli","8":"first","9":"instock","10":"taxable","11":"shipping-taxable","12":"purchasable","13":"product-type-simple","14":"add-to-wishlist-after_add_to_cart"},"_links":{"self":[{"href":"https:\/\/alkaline.lv\/en\/wp-json\/wp\/v2\/product\/3987"}],"collection":[{"href":"https:\/\/alkaline.lv\/en\/wp-json\/wp\/v2\/product"}],"about":[{"href":"https:\/\/alkaline.lv\/en\/wp-json\/wp\/v2\/types\/product"}],"wp:featuredmedia":[{"embeddable":true,"href":"https:\/\/alkaline.lv\/en\/wp-json\/wp\/v2\/media\/3988"}],"wp:attachment":[{"href":"https:\/\/alkaline.lv\/en\/wp-json\/wp\/v2\/media?parent=3987"}],"wp:term":[{"taxonomy":"product_cat","embeddable":true,"href":"https:\/\/alkaline.lv\/en\/wp-json\/wp\/v2\/product_cat?post=3987"},{"taxonomy":"product_tag","embeddable":true,"href":"https:\/\/alkaline.lv\/en\/wp-json\/wp\/v2\/product_tag?post=3987"}],"curies":[{"name":"wp","href":"https:\/\/api.w.org\/{rel}","templated":true}]}}