{"id":4005,"date":"2021-05-06T19:20:36","date_gmt":"2021-05-06T16:20:36","guid":{"rendered":"https:\/\/alkaline.lv\/?post_type=product&#038;p=4005"},"modified":"2022-10-27T16:30:07","modified_gmt":"2022-10-27T13:30:07","slug":"virsmu-attaukosanas-lidzeklis-activefoam-1l-ar-smidzinataju","status":"publish","type":"product","link":"https:\/\/alkaline.lv\/en\/products\/virsmu-attaukosanas-lidzeklis-activefoam-1l-ar-smidzinataju\/","title":{"rendered":"Virsmu attauko\u0161anas l\u012bdzeklis ACTIVEFOAM, 1L ar smidzin\u0101t\u0101ju"},"content":{"rendered":"<p><strong>Augsti s\u0101rmains putojo\u0161s l\u012bdzeklis tauku no\u0146em\u0161anai un konvekcijas kr\u0101\u0161\u0146u t\u012br\u012b\u0161anai<\/strong>\u00a0<strong>\u012apa\u0161\u012bbas:\u00a0<\/strong><\/p>\n<p>Concentryl ActiveFoam ir augsti s\u0101rmains t\u012br\u012b\u0161anas l\u012bdzeklis \u0113din\u0101\u0161anas uz\u0146\u0113mumu virtuv\u0113m, gastronomijai un p\u0101rtikas r\u016bpniec\u012bbai. \u0100tri un pamat\u012bgi no\u0146em visus taukainus, e\u013c\u013cainus un sakaltu\u0161us net\u012brumus no cep\u0161anas ma\u0161\u012bn\u0101m, cepe\u0161pann\u0101m, griliem, konvekcijas kr\u0101sn\u012bm, izlietn\u0113m, fl\u012bz\u0113m, darba galdiem. Pateicoties biez\u0101m put\u0101m, \u012bpa\u0161i labi piem\u0113rots vertik\u0101lu virsmu t\u012br\u012b\u0161anai. UZMAN\u012aBU: \u0146emt v\u0113r\u0101 materi\u0101lu s\u0101rmiztur\u012bbu! Nav piem\u0113rots alum\u012bnijam! Kr\u0101sot\u0101m virsm\u0101m lietot tikai stipri at\u0161\u0137aid\u012btu.<\/p>\n<p><strong>Lieto\u0161ana\/doz\u0113\u0161ana:<\/strong><\/p>\n<p>Concentryl ActiveFoam ir gatavs lieto\u0161anai.\u00a0Jut\u012bg\u0101m virsm\u0101m: j\u0101at\u0161\u0137aida ar \u016bdeni proporcij\u0101 1:20 \u2013 1:50.\u00a0Cepe\u0161kr\u0101snis un konvekcijas kr\u0101snis iepriek\u0161 j\u0101sakars\u0113 l\u012bdz 50<sup>o<\/sup>C.<\/p>\n<p><strong>pH 12<\/strong><\/p>\n<p><strong>Tilpums: 1 L<\/strong><\/p>\n","protected":false},"excerpt":{"rendered":"<div class=\"item_meta\"><\/div>\n","protected":false},"featured_media":4006,"template":"","meta":{"inline_featured_image":false},"product_cat":[127],"product_tag":[],"class_list":{"0":"post-4005","1":"product","2":"type-product","3":"status-publish","4":"has-post-thumbnail","6":"product_cat-virtuves-virsmu-tirisanai","8":"first","9":"instock","10":"taxable","11":"shipping-taxable","12":"purchasable","13":"product-type-simple","14":"add-to-wishlist-after_add_to_cart"},"_links":{"self":[{"href":"https:\/\/alkaline.lv\/en\/wp-json\/wp\/v2\/product\/4005"}],"collection":[{"href":"https:\/\/alkaline.lv\/en\/wp-json\/wp\/v2\/product"}],"about":[{"href":"https:\/\/alkaline.lv\/en\/wp-json\/wp\/v2\/types\/product"}],"wp:featuredmedia":[{"embeddable":true,"href":"https:\/\/alkaline.lv\/en\/wp-json\/wp\/v2\/media\/4006"}],"wp:attachment":[{"href":"https:\/\/alkaline.lv\/en\/wp-json\/wp\/v2\/media?parent=4005"}],"wp:term":[{"taxonomy":"product_cat","embeddable":true,"href":"https:\/\/alkaline.lv\/en\/wp-json\/wp\/v2\/product_cat?post=4005"},{"taxonomy":"product_tag","embeddable":true,"href":"https:\/\/alkaline.lv\/en\/wp-json\/wp\/v2\/product_tag?post=4005"}],"curies":[{"name":"wp","href":"https:\/\/api.w.org\/{rel}","templated":true}]}}