{"id":4007,"date":"2021-05-06T19:36:55","date_gmt":"2021-05-06T16:36:55","guid":{"rendered":"https:\/\/alkaline.lv\/?post_type=product&#038;p=4007"},"modified":"2024-07-03T15:59:13","modified_gmt":"2024-07-03T12:59:13","slug":"kremveida-tirisanas-lidzeklis-scheuermilch-1l","status":"publish","type":"product","link":"https:\/\/alkaline.lv\/en\/products\/kremveida-tirisanas-lidzeklis-scheuermilch-1l\/","title":{"rendered":"Kr\u0113mveida t\u012br\u012b\u0161anas l\u012bdzeklis SCHEUERMILCH, 1L"},"content":{"rendered":"<p>\u0160is l\u012bdzeklis att\u012bra, neskr\u0101p\u0113jot virsmu. Smalki att\u012bro\u0161ie mikrokrist\u0101li optim\u0101li att\u012bra visa veida virsmas. Ir piem\u0113rots virtuves virsmu, ner\u016bs\u0113jo\u0161a t\u0113rauda virsmu un izliet\u0146u, katlu, santehnikas elementu un plastmasas t\u012br\u012b\u0161anai. Akt\u012bv\u0101s mazg\u0101\u0161anas vielas efekt\u012bvi no\u0146em taukus un piedegu\u0161us p\u0101rtikas produktus, saudz\u0113jot \u0101du.<\/p>\n<p><strong>Lieto\u0161ana\/doz\u0113\u0161ana:<\/strong><\/p>\n<p>Nelielu pieni\u0146a daudzumu izsmidzin\u0101t uz lupati\u0146as vai tie\u0161u uz net\u012bras virsmas. P\u0113c t\u012br\u012b\u0161anas noskalot ar t\u012bru \u016bdeni.<\/p>\n<p><strong>Tilpums: 1 L<\/strong><\/p>\n","protected":false},"excerpt":{"rendered":"<div class=\"item_meta\"><\/div>\n<div><\/div>\n","protected":false},"featured_media":4008,"template":"","meta":{"inline_featured_image":false},"product_cat":[78],"product_tag":[],"class_list":{"0":"post-4007","1":"product","2":"type-product","3":"status-publish","4":"has-post-thumbnail","6":"product_cat-sanitaro-telpu-tirisanai","8":"first","9":"instock","10":"taxable","11":"shipping-taxable","12":"purchasable","13":"product-type-simple","14":"add-to-wishlist-after_add_to_cart"},"_links":{"self":[{"href":"https:\/\/alkaline.lv\/en\/wp-json\/wp\/v2\/product\/4007","targetHints":{"allow":["GET"]}}],"collection":[{"href":"https:\/\/alkaline.lv\/en\/wp-json\/wp\/v2\/product"}],"about":[{"href":"https:\/\/alkaline.lv\/en\/wp-json\/wp\/v2\/types\/product"}],"wp:featuredmedia":[{"embeddable":true,"href":"https:\/\/alkaline.lv\/en\/wp-json\/wp\/v2\/media\/4008"}],"wp:attachment":[{"href":"https:\/\/alkaline.lv\/en\/wp-json\/wp\/v2\/media?parent=4007"}],"wp:term":[{"taxonomy":"product_cat","embeddable":true,"href":"https:\/\/alkaline.lv\/en\/wp-json\/wp\/v2\/product_cat?post=4007"},{"taxonomy":"product_tag","embeddable":true,"href":"https:\/\/alkaline.lv\/en\/wp-json\/wp\/v2\/product_tag?post=4007"}],"curies":[{"name":"wp","href":"https:\/\/api.w.org\/{rel}","templated":true}]}}