{"id":4009,"date":"2021-05-06T19:41:13","date_gmt":"2021-05-06T16:41:13","guid":{"rendered":"https:\/\/alkaline.lv\/?post_type=product&#038;p=4009"},"modified":"2024-07-03T16:00:34","modified_gmt":"2024-07-03T13:00:34","slug":"skabs-mazgasanas-lidzeklis-super-sanitin-1l","status":"publish","type":"product","link":"https:\/\/alkaline.lv\/en\/products\/skabs-mazgasanas-lidzeklis-super-sanitin-1l\/","title":{"rendered":"Sk\u0101bs mazg\u0101\u0161anas l\u012bdzeklis SUPER SANITIN, 1L"},"content":{"rendered":"<p>Efekt\u012bvi not\u012bra ie\u0113du\u0161os net\u012brumus, r\u016bsu, nos\u0113du\u0161os s\u0101\u013cus, ka\u013c\u0137akmeni, ur\u012bnakmeni un nov\u0113r\u0161 to izrais\u012btos arom\u0101tus. Stipr\u0101 koncentr\u0101cij\u0101 var boj\u0101t emalju. Doz\u0113\u0161ana: 1: 10 \u2013 1: 40<\/p>\n<p><strong>Tilpums: 1 L<\/strong><\/p>\n","protected":false},"excerpt":{"rendered":"<div class=\"item_meta\"><\/div>\n<div><\/div>\n","protected":false},"featured_media":4010,"template":"","meta":{"inline_featured_image":false},"product_cat":[78],"product_tag":[],"class_list":{"0":"post-4009","1":"product","2":"type-product","3":"status-publish","4":"has-post-thumbnail","6":"product_cat-sanitaro-telpu-tirisanai","8":"first","9":"instock","10":"taxable","11":"shipping-taxable","12":"purchasable","13":"product-type-simple","14":"add-to-wishlist-after_add_to_cart"},"_links":{"self":[{"href":"https:\/\/alkaline.lv\/en\/wp-json\/wp\/v2\/product\/4009","targetHints":{"allow":["GET"]}}],"collection":[{"href":"https:\/\/alkaline.lv\/en\/wp-json\/wp\/v2\/product"}],"about":[{"href":"https:\/\/alkaline.lv\/en\/wp-json\/wp\/v2\/types\/product"}],"wp:featuredmedia":[{"embeddable":true,"href":"https:\/\/alkaline.lv\/en\/wp-json\/wp\/v2\/media\/4010"}],"wp:attachment":[{"href":"https:\/\/alkaline.lv\/en\/wp-json\/wp\/v2\/media?parent=4009"}],"wp:term":[{"taxonomy":"product_cat","embeddable":true,"href":"https:\/\/alkaline.lv\/en\/wp-json\/wp\/v2\/product_cat?post=4009"},{"taxonomy":"product_tag","embeddable":true,"href":"https:\/\/alkaline.lv\/en\/wp-json\/wp\/v2\/product_tag?post=4009"}],"curies":[{"name":"wp","href":"https:\/\/api.w.org\/{rel}","templated":true}]}}