{"id":4016,"date":"2021-05-06T23:24:52","date_gmt":"2021-05-06T20:24:52","guid":{"rendered":"https:\/\/alkaline.lv\/?post_type=product&#038;p=4016"},"modified":"2023-03-23T23:43:34","modified_gmt":"2023-03-23T21:43:34","slug":"sadalitajs-dokumentiem-esselte-project-a4-formats-maxi-1-12-plastikata","status":"publish","type":"product","link":"https:\/\/alkaline.lv\/en\/products\/sadalitajs-dokumentiem-esselte-project-a4-formats-maxi-1-12-plastikata\/","title":{"rendered":"Dokumentu sadal\u012bt\u0101js Esselte Project, 1-12, A4, PP, kr\u0101sains"},"content":{"rendered":"<p>A4 form\u0101ts<br \/>\nIzgatavots no iztur\u012bga, caursp\u012bd\u012bga plastik\u0101ta<br \/>\nBl\u012bvums 300 mkr.<br \/>\nAr kr\u0101sainiem numer\u0101cijas iedal\u012bjumiem<br \/>\nVair\u0101kk\u0101rt izmantojama titullapa ar kabatu<br \/>\nVar rakst\u012bt ar mar\u0137ieri vai izdruk\u0101t satura r\u0101d\u012bt\u0101ju un ielikt kabat\u0101<br \/>\nIzm\u0113rs: 255 x 323 mm 1 \u201312<\/p>\n","protected":false},"excerpt":{"rendered":"<div class=\"item_meta\"><\/div>\n<div><\/div>\n","protected":false},"featured_media":4017,"template":"","meta":{"inline_featured_image":false},"product_cat":[244],"product_tag":[],"class_list":{"0":"post-4016","1":"product","2":"type-product","3":"status-publish","4":"has-post-thumbnail","6":"product_cat-dikumentu-sadalitaji","8":"first","9":"instock","10":"taxable","11":"shipping-taxable","12":"purchasable","13":"product-type-simple","14":"add-to-wishlist-after_add_to_cart"},"_links":{"self":[{"href":"https:\/\/alkaline.lv\/en\/wp-json\/wp\/v2\/product\/4016"}],"collection":[{"href":"https:\/\/alkaline.lv\/en\/wp-json\/wp\/v2\/product"}],"about":[{"href":"https:\/\/alkaline.lv\/en\/wp-json\/wp\/v2\/types\/product"}],"wp:featuredmedia":[{"embeddable":true,"href":"https:\/\/alkaline.lv\/en\/wp-json\/wp\/v2\/media\/4017"}],"wp:attachment":[{"href":"https:\/\/alkaline.lv\/en\/wp-json\/wp\/v2\/media?parent=4016"}],"wp:term":[{"taxonomy":"product_cat","embeddable":true,"href":"https:\/\/alkaline.lv\/en\/wp-json\/wp\/v2\/product_cat?post=4016"},{"taxonomy":"product_tag","embeddable":true,"href":"https:\/\/alkaline.lv\/en\/wp-json\/wp\/v2\/product_tag?post=4016"}],"curies":[{"name":"wp","href":"https:\/\/api.w.org\/{rel}","templated":true}]}}