{"id":4023,"date":"2021-05-09T12:46:16","date_gmt":"2021-05-09T09:46:16","guid":{"rendered":"https:\/\/alkaline.lv\/?post_type=product&#038;p=4023"},"modified":"2023-03-23T17:15:15","modified_gmt":"2023-03-23T15:15:15","slug":"sadalitajs-dokumentiem-forpus-a4-formats-1-20-krasains-bez-cipariem","status":"publish","type":"product","link":"https:\/\/alkaline.lv\/en\/products\/sadalitajs-dokumentiem-forpus-a4-formats-1-20-krasains-bez-cipariem\/","title":{"rendered":"Dokumentu sadal\u012bt\u0101js Forpus, 1-20, A4, PP, kr\u0101sains"},"content":{"rendered":"<div class=\"PRODUCT__description desc description\">\n<div id=\"product-246741c061b7ea8d6fece810e8debb08\">A4 form\u0101ts<br \/>\nIzgatavots no plastik\u0101ta<br \/>\nAr satura r\u0101d\u012bt\u0101ju pirmaj\u0101 lap\u0101<br \/>\nIzm\u0113rs: 225 x 297 mm 1-20, kr\u0101sains, bez cipariem<\/div>\n<p>&nbsp;<\/p>\n<\/div>\n<div class=\"PRODUCT__actions\">\n<div class=\"PRODUCT__actions-item\"><\/div>\n<\/div>\n","protected":false},"excerpt":{"rendered":"<p>A4 form\u0101ts Izgatavots no plastik\u0101ta Ar satura r\u0101d\u012bt\u0101ju pirmaj\u0101 lap\u0101 Izm\u0113rs: 225 x 297 mm 1-20, kr\u0101sains, bez cipariem &nbsp;<\/p>\n","protected":false},"featured_media":4024,"template":"","meta":{"inline_featured_image":false},"product_cat":[244],"product_tag":[],"class_list":{"0":"post-4023","1":"product","2":"type-product","3":"status-publish","4":"has-post-thumbnail","6":"product_cat-dikumentu-sadalitaji","8":"first","9":"instock","10":"taxable","11":"shipping-taxable","12":"purchasable","13":"product-type-simple","14":"add-to-wishlist-after_add_to_cart"},"_links":{"self":[{"href":"https:\/\/alkaline.lv\/en\/wp-json\/wp\/v2\/product\/4023","targetHints":{"allow":["GET"]}}],"collection":[{"href":"https:\/\/alkaline.lv\/en\/wp-json\/wp\/v2\/product"}],"about":[{"href":"https:\/\/alkaline.lv\/en\/wp-json\/wp\/v2\/types\/product"}],"wp:featuredmedia":[{"embeddable":true,"href":"https:\/\/alkaline.lv\/en\/wp-json\/wp\/v2\/media\/4024"}],"wp:attachment":[{"href":"https:\/\/alkaline.lv\/en\/wp-json\/wp\/v2\/media?parent=4023"}],"wp:term":[{"taxonomy":"product_cat","embeddable":true,"href":"https:\/\/alkaline.lv\/en\/wp-json\/wp\/v2\/product_cat?post=4023"},{"taxonomy":"product_tag","embeddable":true,"href":"https:\/\/alkaline.lv\/en\/wp-json\/wp\/v2\/product_tag?post=4023"}],"curies":[{"name":"wp","href":"https:\/\/api.w.org\/{rel}","templated":true}]}}