{"id":4033,"date":"2021-05-09T13:01:51","date_gmt":"2021-05-09T10:01:51","guid":{"rendered":"https:\/\/alkaline.lv\/?post_type=product&#038;p=4033"},"modified":"2023-03-23T23:04:32","modified_gmt":"2023-03-23T21:04:32","slug":"sadalitajs-dokumentiem-forpus-a4-formats-31-1-polipropilena","status":"publish","type":"product","link":"https:\/\/alkaline.lv\/en\/products\/sadalitajs-dokumentiem-forpus-a4-formats-31-1-polipropilena\/","title":{"rendered":"Dokumentu sadal\u012bt\u0101js Forpus, 31-1, A4, PP, pel\u0113ks"},"content":{"rendered":"<div class=\"PRODUCT__description desc description\">\n<div id=\"product-246741c061b7ea8d6fece810e8debb08\">\n<div class=\"PRODUCT__description desc description\">\n<div id=\"product-f42acdd7cc51db4d9f882059871df520\">A4 form\u0101ts<br \/>\nIzgatavots no plastik\u0101ta<br \/>\nAr satura r\u0101d\u012bt\u0101ju pirmaj\u0101 lap\u0101<br \/>\nIzm\u0113rs: 225 x 297 mm<br \/>\n31- 1, ar cipariem<\/div>\n<div>Kaste (50 Gab.), Iepak. (5 Gab.)<\/div>\n<\/div>\n<div class=\"PRODUCT__actions\">\n<div class=\"PRODUCT__actions-item\"><\/div>\n<\/div>\n<\/div>\n<p>&nbsp;<\/p>\n<\/div>\n<div class=\"PRODUCT__actions\">\n<div class=\"PRODUCT__actions-item\"><\/div>\n<\/div>\n","protected":false},"excerpt":{"rendered":"<p>A4 form\u0101ts Izgatavots no plastik\u0101ta Ar satura r\u0101d\u012bt\u0101ju pirmaj\u0101 lap\u0101 Izm\u0113rs: 225 x 297 mm 31- 1, ar cipariem Kaste (50 Gab.), Iepak. (5 Gab.) &nbsp;<\/p>\n","protected":false},"featured_media":4034,"template":"","meta":{"inline_featured_image":false},"product_cat":[244],"product_tag":[],"class_list":{"0":"post-4033","1":"product","2":"type-product","3":"status-publish","4":"has-post-thumbnail","6":"product_cat-dikumentu-sadalitaji","8":"first","9":"instock","10":"taxable","11":"shipping-taxable","12":"purchasable","13":"product-type-simple","14":"add-to-wishlist-after_add_to_cart"},"_links":{"self":[{"href":"https:\/\/alkaline.lv\/en\/wp-json\/wp\/v2\/product\/4033"}],"collection":[{"href":"https:\/\/alkaline.lv\/en\/wp-json\/wp\/v2\/product"}],"about":[{"href":"https:\/\/alkaline.lv\/en\/wp-json\/wp\/v2\/types\/product"}],"wp:featuredmedia":[{"embeddable":true,"href":"https:\/\/alkaline.lv\/en\/wp-json\/wp\/v2\/media\/4034"}],"wp:attachment":[{"href":"https:\/\/alkaline.lv\/en\/wp-json\/wp\/v2\/media?parent=4033"}],"wp:term":[{"taxonomy":"product_cat","embeddable":true,"href":"https:\/\/alkaline.lv\/en\/wp-json\/wp\/v2\/product_cat?post=4033"},{"taxonomy":"product_tag","embeddable":true,"href":"https:\/\/alkaline.lv\/en\/wp-json\/wp\/v2\/product_tag?post=4033"}],"curies":[{"name":"wp","href":"https:\/\/api.w.org\/{rel}","templated":true}]}}