{"id":4056,"date":"2021-05-09T13:42:43","date_gmt":"2021-05-09T10:42:43","guid":{"rendered":"https:\/\/alkaline.lv\/?post_type=product&#038;p=4056"},"modified":"2023-03-23T23:28:24","modified_gmt":"2023-03-23T21:28:24","slug":"sadalitajs-dokumentiem-esselte-kartonaa4-formats-1-5-krasains","status":"publish","type":"product","link":"https:\/\/alkaline.lv\/en\/products\/sadalitajs-dokumentiem-esselte-kartonaa4-formats-1-5-krasains\/","title":{"rendered":"Dokumentu sadal\u012bt\u0101js Esselte, 1-5, A4, kartona, kr\u0101sains"},"content":{"rendered":"<div class=\"PRODUCT__description desc description\">\n<div id=\"product-246741c061b7ea8d6fece810e8debb08\">\n<div class=\"PRODUCT__description desc description\">\n<div id=\"product-f42acdd7cc51db4d9f882059871df520\">A4 form\u0101ts<br \/>\nIzgatavots no bieza kartona<br \/>\nUnivers\u0101ls caurumojums,stiprin\u0101ts ar plastik\u0101ta pl\u0113vi<br \/>\nKr\u0101saini \u0161\u0137irk\u013ci<br \/>\nIzm\u0113rs: 225 x 297 mm<br \/>\nIepakojum\u0101 10 sadal\u012bt\u0101ji 1-5, bez cipariem<\/div>\n<\/div>\n<\/div>\n<\/div>\n<div class=\"PRODUCT__actions\">\n<div class=\"PRODUCT__actions-item\"><\/div>\n<\/div>\n","protected":false},"excerpt":{"rendered":"<div class=\"item_meta\"><\/div>\n<div><\/div>\n","protected":false},"featured_media":4057,"template":"","meta":{"inline_featured_image":false},"product_cat":[244],"product_tag":[],"class_list":{"0":"post-4056","1":"product","2":"type-product","3":"status-publish","4":"has-post-thumbnail","6":"product_cat-dikumentu-sadalitaji","8":"first","9":"instock","10":"taxable","11":"shipping-taxable","12":"purchasable","13":"product-type-simple","14":"add-to-wishlist-after_add_to_cart"},"_links":{"self":[{"href":"https:\/\/alkaline.lv\/en\/wp-json\/wp\/v2\/product\/4056"}],"collection":[{"href":"https:\/\/alkaline.lv\/en\/wp-json\/wp\/v2\/product"}],"about":[{"href":"https:\/\/alkaline.lv\/en\/wp-json\/wp\/v2\/types\/product"}],"wp:featuredmedia":[{"embeddable":true,"href":"https:\/\/alkaline.lv\/en\/wp-json\/wp\/v2\/media\/4057"}],"wp:attachment":[{"href":"https:\/\/alkaline.lv\/en\/wp-json\/wp\/v2\/media?parent=4056"}],"wp:term":[{"taxonomy":"product_cat","embeddable":true,"href":"https:\/\/alkaline.lv\/en\/wp-json\/wp\/v2\/product_cat?post=4056"},{"taxonomy":"product_tag","embeddable":true,"href":"https:\/\/alkaline.lv\/en\/wp-json\/wp\/v2\/product_tag?post=4056"}],"curies":[{"name":"wp","href":"https:\/\/api.w.org\/{rel}","templated":true}]}}