{"id":4086,"date":"2021-05-09T14:21:50","date_gmt":"2021-05-09T11:21:50","guid":{"rendered":"https:\/\/alkaline.lv\/?post_type=product&#038;p=4086"},"modified":"2023-03-23T16:36:46","modified_gmt":"2023-03-23T14:36:46","slug":"sadalitajs-dokumentiem-smlt-kartona-100loksnes-iepakojuma-zals","status":"publish","type":"product","link":"https:\/\/alkaline.lv\/en\/products\/sadalitajs-dokumentiem-smlt-kartona-100loksnes-iepakojuma-zals\/","title":{"rendered":"Dokumentu sadal\u012bt\u0101js SMLT, kartona, 100 gab., za\u013c\u0161"},"content":{"rendered":"<p>Izm\u0113rs: 110 x 230 mm<br \/>\nIzgatavots no cieta kartona<br \/>\nKomplekt\u0101 100 lapas, za\u013c\u0101 kr\u0101s\u0101<\/p>\n","protected":false},"excerpt":{"rendered":"<div class=\"item_meta\"><\/div>\n<div><\/div>\n","protected":false},"featured_media":4088,"template":"","meta":{"inline_featured_image":false},"product_cat":[244],"product_tag":[],"class_list":{"0":"post-4086","1":"product","2":"type-product","3":"status-publish","4":"has-post-thumbnail","6":"product_cat-dikumentu-sadalitaji","8":"first","9":"instock","10":"taxable","11":"shipping-taxable","12":"purchasable","13":"product-type-simple","14":"add-to-wishlist-after_add_to_cart"},"_links":{"self":[{"href":"https:\/\/alkaline.lv\/en\/wp-json\/wp\/v2\/product\/4086"}],"collection":[{"href":"https:\/\/alkaline.lv\/en\/wp-json\/wp\/v2\/product"}],"about":[{"href":"https:\/\/alkaline.lv\/en\/wp-json\/wp\/v2\/types\/product"}],"wp:featuredmedia":[{"embeddable":true,"href":"https:\/\/alkaline.lv\/en\/wp-json\/wp\/v2\/media\/4088"}],"wp:attachment":[{"href":"https:\/\/alkaline.lv\/en\/wp-json\/wp\/v2\/media?parent=4086"}],"wp:term":[{"taxonomy":"product_cat","embeddable":true,"href":"https:\/\/alkaline.lv\/en\/wp-json\/wp\/v2\/product_cat?post=4086"},{"taxonomy":"product_tag","embeddable":true,"href":"https:\/\/alkaline.lv\/en\/wp-json\/wp\/v2\/product_tag?post=4086"}],"curies":[{"name":"wp","href":"https:\/\/api.w.org\/{rel}","templated":true}]}}