{"id":4101,"date":"2021-05-09T14:46:01","date_gmt":"2021-05-09T11:46:01","guid":{"rendered":"https:\/\/alkaline.lv\/?post_type=product&#038;p=4101"},"modified":"2022-11-20T20:53:06","modified_gmt":"2022-11-20T18:53:06","slug":"mitrumuzsuc-gridas-birste-ar-telesk-katu","status":"publish","type":"product","link":"https:\/\/alkaline.lv\/en\/products\/mitrumuzsuc-gridas-birste-ar-telesk-katu\/","title":{"rendered":"Mitrumuzs\u016bc. gr\u012bdas birste ar telesk. k\u0101tu"},"content":{"rendered":"<div class=\"prodview-info-about\">\n<div class=\"prodview-info-about\">\n<div class=\"prodview-info-about\">\n<div class=\"prodview-info-about\">\n<div class=\"prodview-info-about\">\n<div class=\"prodview-info-about\">\n<div class=\"prodview-info-about\">&#8220;TORO&#8221; Mitrumu uzs\u016bco\u0161a gr\u012bdas birste<br \/>\nar teleskopisku k\u0101tu<br \/>\nIzm\u0113rs: 85x27cm<br \/>\nOptim\u0101lais garums: 122cm<\/div>\n<div class=\"prodview-info-about\">Materi\u0101ls: alum\u012bnija k\u0101ts ar plastmasas rokturi<\/div>\n<div class=\"prodview-info-about\">Ra\u017eots: \u0136\u012bn\u0101<\/div>\n<\/div>\n<div class=\"prodview-info-about\"><\/div>\n<\/div>\n<\/div>\n<\/div>\n<\/div>\n<\/div>\n","protected":false},"excerpt":{"rendered":"<div class=\"item_meta\"><\/div>\n<div><\/div>\n","protected":false},"featured_media":4102,"template":"","meta":{"inline_featured_image":false},"product_cat":[245],"product_tag":[],"class_list":{"0":"post-4101","1":"product","2":"type-product","3":"status-publish","4":"has-post-thumbnail","6":"product_cat-gridas-slotas-un-birstes","8":"first","9":"instock","10":"taxable","11":"shipping-taxable","12":"purchasable","13":"product-type-simple","14":"add-to-wishlist-after_add_to_cart"},"_links":{"self":[{"href":"https:\/\/alkaline.lv\/en\/wp-json\/wp\/v2\/product\/4101"}],"collection":[{"href":"https:\/\/alkaline.lv\/en\/wp-json\/wp\/v2\/product"}],"about":[{"href":"https:\/\/alkaline.lv\/en\/wp-json\/wp\/v2\/types\/product"}],"wp:featuredmedia":[{"embeddable":true,"href":"https:\/\/alkaline.lv\/en\/wp-json\/wp\/v2\/media\/4102"}],"wp:attachment":[{"href":"https:\/\/alkaline.lv\/en\/wp-json\/wp\/v2\/media?parent=4101"}],"wp:term":[{"taxonomy":"product_cat","embeddable":true,"href":"https:\/\/alkaline.lv\/en\/wp-json\/wp\/v2\/product_cat?post=4101"},{"taxonomy":"product_tag","embeddable":true,"href":"https:\/\/alkaline.lv\/en\/wp-json\/wp\/v2\/product_tag?post=4101"}],"curies":[{"name":"wp","href":"https:\/\/api.w.org\/{rel}","templated":true}]}}