{"id":4107,"date":"2021-05-09T15:04:14","date_gmt":"2021-05-09T12:04:14","guid":{"rendered":"https:\/\/alkaline.lv\/?post_type=product&#038;p=4107"},"modified":"2022-11-20T20:38:06","modified_gmt":"2022-11-20T18:38:06","slug":"gridas-birste-ar-telesk-katu-39x10x120cm","status":"publish","type":"product","link":"https:\/\/alkaline.lv\/en\/products\/gridas-birste-ar-telesk-katu-39x10x120cm\/","title":{"rendered":"Gr\u012bdas birste ar telesk.k\u0101tu 39x10x120cm"},"content":{"rendered":"<div class=\"prodview-info-about\">\n<div class=\"prodview-info-about\">\n<div class=\"prodview-info-about\">\n<div class=\"prodview-info-about\">\n<div class=\"prodview-info-about\">\n<div class=\"prodview-info-about\">\n<div class=\"prodview-info-about\">\n<div class=\"prodview-info-about\">\n<div class=\"prodview-info-about\">\n<div class=\"prodview-info-about\">&#8220;TORO&#8221; Gr\u012bdas birste ar teleskopisko k\u0101tu<br \/>\nBirstes izm\u0113rs:120x39cm<br \/>\nMopa izm\u0113rs: 39x10x2cm<\/div>\n<div class=\"prodview-info-about\">Materi\u0101ls: alum\u012bnija k\u0101ts, plastmasa, mikro\u0161\u0137iedras mops<br \/>\nRa\u017eots: \u0136\u012bn\u0101<\/div>\n<\/div>\n<\/div>\n<\/div>\n<\/div>\n<div class=\"prodview-info-about\"><\/div>\n<\/div>\n<\/div>\n<\/div>\n<\/div>\n<\/div>\n","protected":false},"excerpt":{"rendered":"<div class=\"item_meta\"><\/div>\n<div><\/div>\n","protected":false},"featured_media":4108,"template":"","meta":{"inline_featured_image":false},"product_cat":[245],"product_tag":[],"class_list":{"0":"post-4107","1":"product","2":"type-product","3":"status-publish","4":"has-post-thumbnail","6":"product_cat-gridas-slotas-un-birstes","8":"first","9":"instock","10":"taxable","11":"shipping-taxable","12":"purchasable","13":"product-type-simple","14":"add-to-wishlist-after_add_to_cart"},"_links":{"self":[{"href":"https:\/\/alkaline.lv\/en\/wp-json\/wp\/v2\/product\/4107"}],"collection":[{"href":"https:\/\/alkaline.lv\/en\/wp-json\/wp\/v2\/product"}],"about":[{"href":"https:\/\/alkaline.lv\/en\/wp-json\/wp\/v2\/types\/product"}],"wp:featuredmedia":[{"embeddable":true,"href":"https:\/\/alkaline.lv\/en\/wp-json\/wp\/v2\/media\/4108"}],"wp:attachment":[{"href":"https:\/\/alkaline.lv\/en\/wp-json\/wp\/v2\/media?parent=4107"}],"wp:term":[{"taxonomy":"product_cat","embeddable":true,"href":"https:\/\/alkaline.lv\/en\/wp-json\/wp\/v2\/product_cat?post=4107"},{"taxonomy":"product_tag","embeddable":true,"href":"https:\/\/alkaline.lv\/en\/wp-json\/wp\/v2\/product_tag?post=4107"}],"curies":[{"name":"wp","href":"https:\/\/api.w.org\/{rel}","templated":true}]}}