{"id":4121,"date":"2021-05-09T18:12:57","date_gmt":"2021-05-09T15:12:57","guid":{"rendered":"https:\/\/alkaline.lv\/?post_type=product&#038;p=4121"},"modified":"2022-11-20T20:42:36","modified_gmt":"2022-11-20T18:42:36","slug":"gridas-birste-toro-butterfly-26cm","status":"publish","type":"product","link":"https:\/\/alkaline.lv\/en\/products\/gridas-birste-toro-butterfly-26cm\/","title":{"rendered":"Gr\u012bdas birste TORO Butterfly\/26cm"},"content":{"rendered":"<div class=\"prodview-info-about\">\n<div class=\"prodview-info-about\">\n<div class=\"prodview-info-about\">\n<div class=\"prodview-info-about\">\n<div class=\"prodview-info-about\">\n<div class=\"prodview-info-about\">\n<div class=\"prodview-info-about\">\n<div class=\"prodview-info-about\">\n<div class=\"prodview-info-about\">\n<div class=\"prodview-info-about\">\n<div class=\"prodview-info-about\">\n<div class=\"prodview-info-about\">\n<div class=\"prodview-info-about\">\n<div class=\"prodview-info-about\">\n<div class=\"prodview-info-about\">\n<div class=\"prodview-info-about\">&#8220;TORO&#8221;<br \/>\nGr\u012bdas birste &#8220;Butterfly&#8221; ar teleskopisko k\u0101tu<br \/>\nBirstes izm\u0113rs: 120x26cm<br \/>\nMop-lupatas izm\u0113rs: 26x11x3cm<\/div>\n<div class=\"prodview-info-about\">Materi\u0101ls: alum\u012bnija k\u0101ts, mikro\u0161\u0137iedras mop-lupata, plastmasas rokturis<br \/>\nRa\u017eots: \u0136\u012bn\u0101<br \/>\nAtsevi\u0161\u0137i nop\u0113rkama mai\u0146as mop-lupata<br \/>\nar kodu 01420006<\/div>\n<\/div>\n<\/div>\n<\/div>\n<\/div>\n<\/div>\n<\/div>\n<\/div>\n<\/div>\n<\/div>\n<\/div>\n<\/div>\n<\/div>\n<\/div>\n<\/div>\n<\/div>\n","protected":false},"excerpt":{"rendered":"<div class=\"item_meta\"><\/div>\n<div><\/div>\n","protected":false},"featured_media":4122,"template":"","meta":{"inline_featured_image":false},"product_cat":[245],"product_tag":[],"class_list":{"0":"post-4121","1":"product","2":"type-product","3":"status-publish","4":"has-post-thumbnail","6":"product_cat-gridas-slotas-un-birstes","8":"first","9":"instock","10":"taxable","11":"shipping-taxable","12":"purchasable","13":"product-type-simple","14":"add-to-wishlist-after_add_to_cart"},"_links":{"self":[{"href":"https:\/\/alkaline.lv\/en\/wp-json\/wp\/v2\/product\/4121"}],"collection":[{"href":"https:\/\/alkaline.lv\/en\/wp-json\/wp\/v2\/product"}],"about":[{"href":"https:\/\/alkaline.lv\/en\/wp-json\/wp\/v2\/types\/product"}],"wp:featuredmedia":[{"embeddable":true,"href":"https:\/\/alkaline.lv\/en\/wp-json\/wp\/v2\/media\/4122"}],"wp:attachment":[{"href":"https:\/\/alkaline.lv\/en\/wp-json\/wp\/v2\/media?parent=4121"}],"wp:term":[{"taxonomy":"product_cat","embeddable":true,"href":"https:\/\/alkaline.lv\/en\/wp-json\/wp\/v2\/product_cat?post=4121"},{"taxonomy":"product_tag","embeddable":true,"href":"https:\/\/alkaline.lv\/en\/wp-json\/wp\/v2\/product_tag?post=4121"}],"curies":[{"name":"wp","href":"https:\/\/api.w.org\/{rel}","templated":true}]}}