{"id":4139,"date":"2021-05-09T18:42:24","date_gmt":"2021-05-09T15:42:24","guid":{"rendered":"https:\/\/alkaline.lv\/?post_type=product&#038;p=4139"},"modified":"2022-11-20T20:31:42","modified_gmt":"2022-11-20T18:31:42","slug":"birste-ar-teleskopisko-katu-42cm-pleasure","status":"publish","type":"product","link":"https:\/\/alkaline.lv\/en\/products\/birste-ar-teleskopisko-katu-42cm-pleasure\/","title":{"rendered":"Birste ar teleskopisko k\u0101tu 42cm PLEASURE"},"content":{"rendered":"<div class=\"prodview-info-about\">\n<div class=\"prodview-info-about\">\n<div class=\"prodview-info-about\">\n<div class=\"prodview-info-about\">\n<div class=\"prodview-info-about\">\n<div class=\"prodview-info-about\">\n<div class=\"prodview-info-about\">\n<div class=\"prodview-info-about\">\n<div class=\"prodview-info-about\">\n<div class=\"prodview-info-about\">\n<div class=\"prodview-info-about\">\n<div class=\"prodview-info-about\">\n<div class=\"prodview-info-about\">\n<div class=\"prodview-info-about\">\n<div class=\"prodview-info-about\">\n<div class=\"prodview-info-about\">\n<div class=\"prodview-info-about\">\n<div class=\"prodview-info-about\">\n<div class=\"prodview-info-about\">\n<div class=\"prodview-info-about\">\n<div class=\"prodview-info-about\">\n<div class=\"prodview-info-about\">&#8220;PACLAN&#8221;<br \/>\nGr\u012bdas birste mazg\u0101\u0161anai PLEASURE ar teleskopisko k\u0101tu<br \/>\nOptim\u0101lais izm\u0113rs: 137x42x14cm<br \/>\nMopa izm\u0113rs: 42x14cm<\/div>\n<div class=\"prodview-info-about\">Materi\u0101ls: plastmasa, alum\u012bnijs, mikro\u0161\u0137iedra<br \/>\nIesai\u0146ojuma izm\u0113rs: 98x14x5cm<br \/>\nRa\u017eots: \u0136\u012bn\u0101<\/div>\n<\/div>\n<\/div>\n<\/div>\n<\/div>\n<\/div>\n<\/div>\n<\/div>\n<\/div>\n<\/div>\n<\/div>\n<\/div>\n<\/div>\n<\/div>\n<\/div>\n<\/div>\n<\/div>\n<\/div>\n<\/div>\n<\/div>\n<\/div>\n<\/div>\n","protected":false},"excerpt":{"rendered":"<div class=\"item_meta\"><\/div>\n<div><\/div>\n","protected":false},"featured_media":4140,"template":"","meta":{"inline_featured_image":false},"product_cat":[245],"product_tag":[],"class_list":{"0":"post-4139","1":"product","2":"type-product","3":"status-publish","4":"has-post-thumbnail","6":"product_cat-gridas-slotas-un-birstes","8":"first","9":"instock","10":"taxable","11":"shipping-taxable","12":"purchasable","13":"product-type-simple","14":"add-to-wishlist-after_add_to_cart"},"_links":{"self":[{"href":"https:\/\/alkaline.lv\/en\/wp-json\/wp\/v2\/product\/4139","targetHints":{"allow":["GET"]}}],"collection":[{"href":"https:\/\/alkaline.lv\/en\/wp-json\/wp\/v2\/product"}],"about":[{"href":"https:\/\/alkaline.lv\/en\/wp-json\/wp\/v2\/types\/product"}],"wp:featuredmedia":[{"embeddable":true,"href":"https:\/\/alkaline.lv\/en\/wp-json\/wp\/v2\/media\/4140"}],"wp:attachment":[{"href":"https:\/\/alkaline.lv\/en\/wp-json\/wp\/v2\/media?parent=4139"}],"wp:term":[{"taxonomy":"product_cat","embeddable":true,"href":"https:\/\/alkaline.lv\/en\/wp-json\/wp\/v2\/product_cat?post=4139"},{"taxonomy":"product_tag","embeddable":true,"href":"https:\/\/alkaline.lv\/en\/wp-json\/wp\/v2\/product_tag?post=4139"}],"curies":[{"name":"wp","href":"https:\/\/api.w.org\/{rel}","templated":true}]}}