{"id":4181,"date":"2021-05-10T21:37:22","date_gmt":"2021-05-10T18:37:22","guid":{"rendered":"https:\/\/alkaline.lv\/?post_type=product&#038;p=4181"},"modified":"2025-02-21T14:10:35","modified_gmt":"2025-02-21T12:10:35","slug":"mop-birstes-galva-balta-300g","status":"publish","type":"product","link":"https:\/\/alkaline.lv\/en\/products\/mop-birstes-galva-balta-300g\/","title":{"rendered":"MOP birstes galva balta 300g"},"content":{"rendered":"<div class=\"prodview-info-about\">\n<div class=\"prodview-info-about\">\n<div class=\"prodview-info-about\">\n<div class=\"prodview-info-about\">\n<div class=\"prodview-info-about\">\n<div class=\"prodview-info-about\">\n<div class=\"prodview-info-about\">\n<div class=\"prodview-info-about\">\n<div class=\"prodview-info-about\">\n<div class=\"prodview-info-about\">\n<div class=\"prodview-info-about\">\n<div class=\"prodview-info-about\">\n<div class=\"prodview-info-about\">\n<div class=\"prodview-info-about\">\n<div class=\"prodview-info-about\">\n<div class=\"prodview-info-about\">\n<div class=\"prodview-info-about\">\n<div class=\"prodview-info-about\">\n<div class=\"prodview-info-about\">\n<div class=\"prodview-info-about\">\n<div class=\"prodview-info-about\">\n<div class=\"prodview-info-about\">\n<div class=\"prodview-info-about\">\n<div class=\"prodview-info-about\">\n<div class=\"prodview-info-about\">\n<div class=\"prodview-info-about\">\n<div class=\"prodview-info-about\">\n<div class=\"prodview-info-about\">\n<div class=\"prodview-info-about\">\n<div class=\"prodview-info-about\">\n<div class=\"prodview-info-about\">\n<div class=\"prodview-info-about\">\n<div class=\"prodview-info-about\">\n<div class=\"prodview-info-about\">\n<div class=\"prodview-info-about\">\n<div class=\"prodview-info-about\">Mop birstes galvas izm\u0113rs: 15x44x6.5cm,<\/div>\n<div class=\"prodview-info-about\">Svars: 300gr.<br \/>\nSast\u0101vs: 100% kokvilna<br \/>\nRa\u017eots:It\u0101lij\u0101<\/div>\n<\/div>\n<\/div>\n<\/div>\n<\/div>\n<\/div>\n<\/div>\n<\/div>\n<\/div>\n<\/div>\n<\/div>\n<\/div>\n<\/div>\n<\/div>\n<\/div>\n<\/div>\n<\/div>\n<\/div>\n<\/div>\n<\/div>\n<\/div>\n<\/div>\n<\/div>\n<\/div>\n<\/div>\n<\/div>\n<\/div>\n<\/div>\n<\/div>\n<\/div>\n<\/div>\n<\/div>\n<\/div>\n<\/div>\n<\/div>\n<\/div>\n","protected":false},"excerpt":{"rendered":"<div class=\"item_meta\"><\/div>\n<div><\/div>\n","protected":false},"featured_media":4182,"template":"","meta":{"inline_featured_image":false},"product_cat":[1745],"product_tag":[],"class_list":{"0":"post-4181","1":"product","2":"type-product","3":"status-publish","4":"has-post-thumbnail","6":"product_cat-uzsrkuvejamie-mopi","8":"first","9":"instock","10":"taxable","11":"shipping-taxable","12":"purchasable","13":"product-type-simple","14":"add-to-wishlist-after_add_to_cart"},"_links":{"self":[{"href":"https:\/\/alkaline.lv\/en\/wp-json\/wp\/v2\/product\/4181","targetHints":{"allow":["GET"]}}],"collection":[{"href":"https:\/\/alkaline.lv\/en\/wp-json\/wp\/v2\/product"}],"about":[{"href":"https:\/\/alkaline.lv\/en\/wp-json\/wp\/v2\/types\/product"}],"wp:featuredmedia":[{"embeddable":true,"href":"https:\/\/alkaline.lv\/en\/wp-json\/wp\/v2\/media\/4182"}],"wp:attachment":[{"href":"https:\/\/alkaline.lv\/en\/wp-json\/wp\/v2\/media?parent=4181"}],"wp:term":[{"taxonomy":"product_cat","embeddable":true,"href":"https:\/\/alkaline.lv\/en\/wp-json\/wp\/v2\/product_cat?post=4181"},{"taxonomy":"product_tag","embeddable":true,"href":"https:\/\/alkaline.lv\/en\/wp-json\/wp\/v2\/product_tag?post=4181"}],"curies":[{"name":"wp","href":"https:\/\/api.w.org\/{rel}","templated":true}]}}