{"id":4284,"date":"2021-05-16T18:50:11","date_gmt":"2021-05-16T15:50:11","guid":{"rendered":"https:\/\/alkaline.lv\/?post_type=product&#038;p=4284"},"modified":"2022-11-16T15:22:56","modified_gmt":"2022-11-16T13:22:56","slug":"izlietnu-tiritajs","status":"publish","type":"product","link":"https:\/\/alkaline.lv\/en\/products\/izlietnu-tiritajs\/","title":{"rendered":"Izliet\u0146u t\u012br\u012bt\u0101js"},"content":{"rendered":"<div class=\"prodview-info-about\">\n<div class=\"prodview-info-about\">\n<div class=\"prodview-info-about\">\n<div class=\"prodview-info-about\">\n<div class=\"prodview-info-about\">\n<div class=\"prodview-info-about\">\n<div class=\"prodview-info-about\">\n<div class=\"prodview-info-about\">\n<div class=\"prodview-info-about\">\n<div class=\"prodview-info-about\">\n<div class=\"prodview-info-about\">\n<div class=\"prodview-info-about\">\n<div class=\"prodview-info-about\">\n<div class=\"prodview-info-about\">\n<div class=\"prodview-info-about\">\n<div class=\"prodview-info-about\">\n<div class=\"prodview-info-about\">\n<div class=\"prodview-info-about\">\n<div class=\"prodview-info-about\">\n<div class=\"prodview-info-about\">\n<div class=\"prodview-info-about\">\n<div class=\"prodview-info-about\">\n<div class=\"prodview-info-about\">\n<div class=\"prodview-info-about\">\n<div class=\"prodview-info-about\">\n<div class=\"prodview-info-about\">\n<div class=\"prodview-info-about\">\n<div class=\"prodview-info-about\">\n<div class=\"prodview-info-about\">\n<div class=\"prodview-info-about\">\n<div class=\"prodview-info-about\">\n<div class=\"prodview-info-about\">\n<div class=\"prodview-info-about\">\n<div class=\"prodview-info-about\">\n<div class=\"prodview-info-about\">\n<div class=\"prodview-info-about\">\n<div class=\"prodview-info-about\">\n<div class=\"prodview-info-about\">\n<div class=\"prodview-info-about\">\n<div class=\"prodview-info-about\">\n<div class=\"prodview-info-about\">\n<div class=\"prodview-info-about\">\n<div class=\"prodview-info-about\">\n<div class=\"prodview-info-about\">\n<div class=\"prodview-info-about\">\n<div class=\"prodview-info-about\">\n<div class=\"prodview-info-about\">\n<div class=\"prodview-info-about\">\n<div class=\"prodview-info-about\">\n<div class=\"prodview-info-about\">\n<div class=\"prodview-info-about\">\n<div class=\"prodview-info-about\">\n<div class=\"prodview-info-about\">\n<div class=\"prodview-info-about\">\n<div class=\"prodview-info-about\">\n<div class=\"prodview-info-about\">\n<div class=\"prodview-info-about\">\n<div class=\"prodview-info-about\">\n<div class=\"prodview-info-about\">\n<div class=\"prodview-info-about\">\n<div class=\"prodview-info-about\">\n<div class=\"prodview-info-about\">\n<div class=\"prodview-info-about\">\n<div class=\"prodview-info-about\">\n<div class=\"prodview-info-about\">\n<div class=\"prodview-info-about\">\n<div class=\"prodview-info-about\">\n<div class=\"prodview-info-about\">\n<div class=\"prodview-info-about\">\n<div class=\"prodview-info-about\">\n<div class=\"prodview-info-about\">\n<div class=\"prodview-info-about\">\n<div class=\"prodview-info-about\">\n<div class=\"prodview-info-about\">\n<div class=\"prodview-info-about\">\n<div class=\"prodview-info-about\">\n<div class=\"prodview-info-about\">\n<div class=\"prodview-info-about\">\n<div class=\"prodview-info-about\">\n<div class=\"prodview-info-about\">\n<div class=\"prodview-info-about\">\n<div class=\"prodview-info-about\">Izliet\u0146u t\u012br\u012bt\u0101js<br \/>\nIzm\u0113rs: 19x \u00d811.5cm<br \/>\nMateri\u0101ls: plastmasa<br \/>\nRa\u017eots: It\u0101lij\u0101<\/div>\n<\/div>\n<\/div>\n<\/div>\n<\/div>\n<\/div>\n<\/div>\n<\/div>\n<\/div>\n<\/div>\n<\/div>\n<\/div>\n<\/div>\n<\/div>\n<\/div>\n<\/div>\n<\/div>\n<\/div>\n<\/div>\n<\/div>\n<\/div>\n<\/div>\n<\/div>\n<\/div>\n<\/div>\n<\/div>\n<\/div>\n<\/div>\n<\/div>\n<\/div>\n<\/div>\n<\/div>\n<\/div>\n<\/div>\n<\/div>\n<\/div>\n<\/div>\n<\/div>\n<\/div>\n<\/div>\n<\/div>\n<\/div>\n<\/div>\n<\/div>\n<\/div>\n<\/div>\n<\/div>\n<\/div>\n<\/div>\n<\/div>\n<\/div>\n<\/div>\n<\/div>\n<\/div>\n<\/div>\n<\/div>\n<\/div>\n<\/div>\n<\/div>\n<\/div>\n<\/div>\n<\/div>\n<\/div>\n<\/div>\n<\/div>\n<\/div>\n<\/div>\n<\/div>\n<\/div>\n<\/div>\n<\/div>\n<\/div>\n<\/div>\n<\/div>\n<\/div>\n<\/div>\n<\/div>\n<\/div>\n<\/div>\n<\/div>\n<\/div>\n<\/div>\n","protected":false},"excerpt":{"rendered":"<div class=\"item_meta\"><\/div>\n<div><\/div>\n","protected":false},"featured_media":4285,"template":"","meta":{"inline_featured_image":false},"product_cat":[251],"product_tag":[],"class_list":{"0":"post-4284","1":"product","2":"type-product","3":"status-publish","4":"has-post-thumbnail","6":"product_cat-citi-uzkopsanas-piederumi","8":"first","9":"instock","10":"taxable","11":"shipping-taxable","12":"purchasable","13":"product-type-simple","14":"add-to-wishlist-after_add_to_cart"},"_links":{"self":[{"href":"https:\/\/alkaline.lv\/en\/wp-json\/wp\/v2\/product\/4284"}],"collection":[{"href":"https:\/\/alkaline.lv\/en\/wp-json\/wp\/v2\/product"}],"about":[{"href":"https:\/\/alkaline.lv\/en\/wp-json\/wp\/v2\/types\/product"}],"wp:featuredmedia":[{"embeddable":true,"href":"https:\/\/alkaline.lv\/en\/wp-json\/wp\/v2\/media\/4285"}],"wp:attachment":[{"href":"https:\/\/alkaline.lv\/en\/wp-json\/wp\/v2\/media?parent=4284"}],"wp:term":[{"taxonomy":"product_cat","embeddable":true,"href":"https:\/\/alkaline.lv\/en\/wp-json\/wp\/v2\/product_cat?post=4284"},{"taxonomy":"product_tag","embeddable":true,"href":"https:\/\/alkaline.lv\/en\/wp-json\/wp\/v2\/product_tag?post=4284"}],"curies":[{"name":"wp","href":"https:\/\/api.w.org\/{rel}","templated":true}]}}