{"id":4421,"date":"2021-05-25T10:42:09","date_gmt":"2021-05-25T07:42:09","guid":{"rendered":"https:\/\/alkaline.lv\/?post_type=product&#038;p=4421"},"modified":"2024-02-17T20:30:18","modified_gmt":"2024-02-17T18:30:18","slug":"plansete-esselte-a4-formats-melna","status":"publish","type":"product","link":"https:\/\/alkaline.lv\/en\/products\/plansete-esselte-a4-formats-melna\/","title":{"rendered":"Plan\u0161ete ESSELTE A4 form\u0101ts, melna"},"content":{"rendered":"<div class=\"prodview-info-about\">\n<div class=\"prodview-info-about\">\n<div class=\"prodview-info-about\">\n<div class=\"prodview-info-about\">\n<div class=\"prodview-info-about\">\n<div class=\"prodview-info-about\">\n<div class=\"prodview-info-about\">\n<div class=\"prodview-info-about\">\n<div class=\"prodview-info-about\">\n<div class=\"prodview-info-about\">\n<div class=\"prodview-info-about\">\n<div class=\"prodview-info-about\">\n<div class=\"prodview-info-about\">\n<div class=\"prodview-info-about\">\n<div class=\"prodview-info-about\">\n<div class=\"prodview-info-about\">\n<div class=\"prodview-info-about\">\n<div class=\"prodview-info-about\">\n<div class=\"prodview-info-about\">\n<div class=\"prodview-info-about\">\n<div class=\"prodview-info-about\">\n<div class=\"prodview-info-about\">\n<div class=\"prodview-info-about\">\n<div class=\"prodview-info-about\">\n<div class=\"prodview-info-about\">\n<div class=\"prodview-info-about\">\n<div class=\"prodview-info-about\">\n<div class=\"prodview-info-about\">\n<div class=\"prodview-info-about\">\n<div class=\"prodview-info-about\">\n<div class=\"prodview-info-about\">\n<div class=\"prodview-info-about\">\n<div class=\"prodview-info-about\">\n<div class=\"prodview-info-about\">\n<div class=\"prodview-info-about\">\n<div class=\"prodview-info-about\">\n<div class=\"prodview-info-about\">\n<div class=\"prodview-info-about\">\n<div class=\"prodview-info-about\">\n<div class=\"prodview-info-about\">\n<div class=\"prodview-info-about\">\n<div class=\"prodview-info-about\">\n<div class=\"prodview-info-about\">\n<div class=\"prodview-info-about\">\n<div class=\"prodview-info-about\">\n<div class=\"prodview-info-about\">\n<div class=\"prodview-info-about\">\n<div class=\"prodview-info-about\">\n<div class=\"prodview-info-about\">\n<div class=\"prodview-info-about\">\n<div class=\"prodview-info-about\">\n<div class=\"prodview-info-about\">\n<div class=\"prodview-info-about\">\n<div class=\"prodview-info-about\">\n<div class=\"prodview-info-about\">\n<div class=\"prodview-info-about\">\n<div class=\"prodview-info-about\">\n<div class=\"prodview-info-about\">\n<div class=\"prodview-info-about\">\n<div class=\"prodview-info-about\">\n<div class=\"prodview-info-about\">\n<div class=\"prodview-info-about\">\n<div class=\"prodview-info-about\">\n<div class=\"prodview-info-about\">\n<div class=\"prodview-info-about\">\n<div class=\"prodview-info-about\">\n<div class=\"prodview-info-about\">\n<div class=\"prodview-info-about\">\n<div class=\"prodview-info-about\">\n<div class=\"prodview-info-about\">\n<div class=\"prodview-info-about\">\n<div class=\"prodview-info-about\">\n<div class=\"prodview-info-about\">\n<div class=\"prodview-info-about\">\n<div class=\"prodview-info-about\">\n<div class=\"prodview-info-about\">\n<div class=\"prodview-info-about\">\n<div class=\"prodview-info-about\">\n<div class=\"prodview-info-about\">\n<div class=\"prodview-info-about\">\n<div class=\"prodview-info-about\">\n<div class=\"prodview-info-about\">\n<div class=\"prodview-info-about\">\n<div class=\"prodview-info-about\">\n<div class=\"prodview-info-about\">\n<div class=\"prodview-info-about\">\n<div class=\"prodview-info-about\">\n<div class=\"prodview-info-about\">\n<div class=\"prodview-info-about\">\n<div class=\"prodview-info-about\">\n<div class=\"prodview-info-about\">\n<div class=\"prodview-info-about\">\n<div class=\"prodview-info-about\">\n<div class=\"prodview-info-about\">\n<div class=\"prodview-info-about\">\n<div class=\"PRODUCT__description desc description\">\n<div id=\"product-686e94436b305ea22e74f4add120e99a\">A4 form\u0101ts<br \/>\nzgatavota no kartona, apl\u012bm\u0113ta ar plastik\u0101ta pl\u0113vi<br \/>\nAr piespied\u0113jmeh\u0101nismu aug\u0161pus\u0113<br \/>\nAr met\u0101la cilpu piekarin\u0101\u0161anai<\/div>\n<\/div>\n<\/div>\n<\/div>\n<\/div>\n<\/div>\n<\/div>\n<\/div>\n<\/div>\n<\/div>\n<\/div>\n<\/div>\n<\/div>\n<\/div>\n<\/div>\n<\/div>\n<\/div>\n<\/div>\n<\/div>\n<\/div>\n<\/div>\n<\/div>\n<\/div>\n<\/div>\n<\/div>\n<\/div>\n<\/div>\n<\/div>\n<\/div>\n<\/div>\n<\/div>\n<\/div>\n<\/div>\n<\/div>\n<\/div>\n<\/div>\n<\/div>\n<\/div>\n<\/div>\n<\/div>\n<\/div>\n<\/div>\n<\/div>\n<\/div>\n<\/div>\n<\/div>\n<\/div>\n<\/div>\n<\/div>\n<\/div>\n<\/div>\n<\/div>\n<\/div>\n<\/div>\n<\/div>\n<\/div>\n<\/div>\n<\/div>\n<\/div>\n<\/div>\n<\/div>\n<\/div>\n<\/div>\n<\/div>\n<\/div>\n<\/div>\n<\/div>\n<\/div>\n<\/div>\n<\/div>\n<\/div>\n<\/div>\n<\/div>\n<\/div>\n<\/div>\n<\/div>\n<\/div>\n<\/div>\n<\/div>\n<\/div>\n<\/div>\n<\/div>\n<\/div>\n<\/div>\n<\/div>\n<\/div>\n<\/div>\n<\/div>\n<\/div>\n<\/div>\n<\/div>\n<\/div>\n<\/div>\n<\/div>\n<\/div>\n<\/div>\n<\/div>\n","protected":false},"excerpt":{"rendered":"<div class=\"item_meta\"><\/div>\n<div><\/div>\n","protected":false},"featured_media":4422,"template":"","meta":{"inline_featured_image":false},"product_cat":[261],"product_tag":[],"class_list":{"0":"post-4421","1":"product","2":"type-product","3":"status-publish","4":"has-post-thumbnail","6":"product_cat-mapes-plansetes-mapes-plansetes","8":"first","9":"instock","10":"taxable","11":"shipping-taxable","12":"purchasable","13":"product-type-simple","14":"add-to-wishlist-after_add_to_cart"},"_links":{"self":[{"href":"https:\/\/alkaline.lv\/en\/wp-json\/wp\/v2\/product\/4421"}],"collection":[{"href":"https:\/\/alkaline.lv\/en\/wp-json\/wp\/v2\/product"}],"about":[{"href":"https:\/\/alkaline.lv\/en\/wp-json\/wp\/v2\/types\/product"}],"wp:featuredmedia":[{"embeddable":true,"href":"https:\/\/alkaline.lv\/en\/wp-json\/wp\/v2\/media\/4422"}],"wp:attachment":[{"href":"https:\/\/alkaline.lv\/en\/wp-json\/wp\/v2\/media?parent=4421"}],"wp:term":[{"taxonomy":"product_cat","embeddable":true,"href":"https:\/\/alkaline.lv\/en\/wp-json\/wp\/v2\/product_cat?post=4421"},{"taxonomy":"product_tag","embeddable":true,"href":"https:\/\/alkaline.lv\/en\/wp-json\/wp\/v2\/product_tag?post=4421"}],"curies":[{"name":"wp","href":"https:\/\/api.w.org\/{rel}","templated":true}]}}