{"id":44718,"date":"2022-10-06T13:34:05","date_gmt":"2022-10-06T10:34:05","guid":{"rendered":"https:\/\/alkaline.lv\/?post_type=product&#038;p=44718"},"modified":"2022-10-16T14:32:51","modified_gmt":"2022-10-16T11:32:51","slug":"frontala-trauku-mazgajama-masina-elframo-be50","status":"publish","type":"product","link":"https:\/\/alkaline.lv\/en\/products\/frontala-trauku-mazgajama-masina-elframo-be50\/","title":{"rendered":"Front\u0101la trauku mazg\u0101jam\u0101 ma\u0161\u012bna Elframo BE50"},"content":{"rendered":"<p>Trauku mazg\u0101\u0161anas ma\u0161\u012bna Metals AISI304, Elektromeh\u0101niska kontrole, sild\u012b\u0161anas elements gan iek\u0161\u0101,<br \/>\ngan boiler\u012b, Grozes izmers: 500X500, cikls 180 sec. Temp: 55\u00b0 &#8211; 60\u00b0C. Darba augstums: 330mm. Ra\u017e\u012bba 20 grozi stund\u0101. Izm\u0113ri: 570x600x820mm. 230 V \/ 3,6 kWh<\/p>\n<table class=\"table-data-sheet\">\n<tbody>\n<tr class=\"odd\">\n<td>Ener\u0123ijas avots<\/td>\n<td>Elektroener\u0123ija<\/td>\n<\/tr>\n<tr class=\"even\">\n<td>Str\u0101va (V)<\/td>\n<td>230<\/td>\n<\/tr>\n<tr class=\"odd\">\n<td>Groza izm\u0113rs<\/td>\n<td>500x500mm<\/td>\n<\/tr>\n<tr class=\"even\">\n<td>Veiktsp\u0113ja stund\u0101:<\/td>\n<td>40 grozs<\/td>\n<\/tr>\n<tr class=\"odd\">\n<td>Jauda (kW)<\/td>\n<td>3.6<\/td>\n<\/tr>\n<tr>\n<td>Svars (kg)<\/td>\n<td>56<\/td>\n<\/tr>\n<tr>\n<td title=\"Platums x Augstums x G\u0101rums\">Izm\u0113rs (cm)<\/td>\n<td>\n<table>\n<tbody>\n<tr>\n<td>57x60x83.4 cm<\/td>\n<\/tr>\n<\/tbody>\n<\/table>\n<\/td>\n<\/tr>\n<\/tbody>\n<\/table>\n","protected":false},"excerpt":{"rendered":"<div class=\"item_meta\"><\/div>\n<div><\/div>\n","protected":false},"featured_media":44892,"template":"","meta":{"inline_featured_image":false},"product_cat":[1733],"product_tag":[],"class_list":{"0":"post-44718","1":"product","2":"type-product","3":"status-publish","4":"has-post-thumbnail","6":"product_cat-trauku-mazgajamas-iekartas","8":"first","9":"instock","10":"taxable","11":"shipping-taxable","12":"purchasable","13":"product-type-simple","14":"add-to-wishlist-after_add_to_cart"},"_links":{"self":[{"href":"https:\/\/alkaline.lv\/en\/wp-json\/wp\/v2\/product\/44718","targetHints":{"allow":["GET"]}}],"collection":[{"href":"https:\/\/alkaline.lv\/en\/wp-json\/wp\/v2\/product"}],"about":[{"href":"https:\/\/alkaline.lv\/en\/wp-json\/wp\/v2\/types\/product"}],"wp:featuredmedia":[{"embeddable":true,"href":"https:\/\/alkaline.lv\/en\/wp-json\/wp\/v2\/media\/44892"}],"wp:attachment":[{"href":"https:\/\/alkaline.lv\/en\/wp-json\/wp\/v2\/media?parent=44718"}],"wp:term":[{"taxonomy":"product_cat","embeddable":true,"href":"https:\/\/alkaline.lv\/en\/wp-json\/wp\/v2\/product_cat?post=44718"},{"taxonomy":"product_tag","embeddable":true,"href":"https:\/\/alkaline.lv\/en\/wp-json\/wp\/v2\/product_tag?post=44718"}],"curies":[{"name":"wp","href":"https:\/\/api.w.org\/{rel}","templated":true}]}}