{"id":45046,"date":"2022-10-24T12:37:32","date_gmt":"2022-10-24T09:37:32","guid":{"rendered":"https:\/\/alkaline.lv\/?post_type=product&#038;p=45046"},"modified":"2022-10-24T12:39:19","modified_gmt":"2022-10-24T09:39:19","slug":"koncentrets-atkalkosanas-lidzeklis-expert-6-calc-remover-5l","status":"publish","type":"product","link":"https:\/\/alkaline.lv\/en\/products\/koncentrets-atkalkosanas-lidzeklis-expert-6-calc-remover-5l\/","title":{"rendered":"Koncentr\u0113ts atka\u013c\u0137o\u0161anas l\u012bdzeklis EXPERT 6. CALC REMOVER 5L"},"content":{"rendered":"<p>EXPERT 6 \u2013 katlakmens \u0161\u0137\u012bdin\u0101\u0161anas l\u012bdzeklis t\u0113jkann\u0101m un citiem traukiem, kuros izveidojies katlakmens, &#8211; l\u012bdzekli at\u0161\u0137aid\u012bt 1:10 (\u013coti biezam katlakmens sl\u0101nim \u2013 at\u0161\u0137aid\u012bt 1:5). Gludek\u013cu t\u012br\u012b\u0161anai \u2013 at\u0161\u0137aid\u012bt attiec\u012bb\u0101 1:5. Izsl\u0113gt gludekli. Iedarb\u012bbas laiks \u2013 10 \u2013 15 min\u016btes. Izskalot. 1 % \u0161\u0137\u012bduma pH 2<\/p>\n<p>&nbsp;<\/p>\n","protected":false},"excerpt":{"rendered":"<p>EXPERT 6 \u2013 katlakmens \u0161\u0137\u012bdin\u0101\u0161anas l\u012bdzeklis t\u0113jkann\u0101m un citiem traukiem, kuros izveidojies katlakmens, &#8211; l\u012bdzekli at\u0161\u0137aid\u012bt 1:10 (\u013coti biezam katlakmens sl\u0101nim \u2013 at\u0161\u0137aid\u012bt 1:5). Gludek\u013cu t\u012br\u012b\u0161anai \u2013 at\u0161\u0137aid\u012bt attiec\u012bb\u0101 1:5. Izsl\u0113gt gludekli. Iedarb\u012bbas laiks \u2013 10 \u2013 15 min\u016btes. Izskalot. 1 % \u0161\u0137\u012bduma pH 2 &nbsp;<\/p>\n","protected":false},"featured_media":45047,"template":"","meta":{"inline_featured_image":false},"product_cat":[84],"product_tag":[],"class_list":{"0":"post-45046","1":"product","2":"type-product","3":"status-publish","4":"has-post-thumbnail","6":"product_cat-atkalkotaji","8":"first","9":"instock","10":"taxable","11":"shipping-taxable","12":"purchasable","13":"product-type-simple","14":"add-to-wishlist-after_add_to_cart"},"_links":{"self":[{"href":"https:\/\/alkaline.lv\/en\/wp-json\/wp\/v2\/product\/45046"}],"collection":[{"href":"https:\/\/alkaline.lv\/en\/wp-json\/wp\/v2\/product"}],"about":[{"href":"https:\/\/alkaline.lv\/en\/wp-json\/wp\/v2\/types\/product"}],"wp:featuredmedia":[{"embeddable":true,"href":"https:\/\/alkaline.lv\/en\/wp-json\/wp\/v2\/media\/45047"}],"wp:attachment":[{"href":"https:\/\/alkaline.lv\/en\/wp-json\/wp\/v2\/media?parent=45046"}],"wp:term":[{"taxonomy":"product_cat","embeddable":true,"href":"https:\/\/alkaline.lv\/en\/wp-json\/wp\/v2\/product_cat?post=45046"},{"taxonomy":"product_tag","embeddable":true,"href":"https:\/\/alkaline.lv\/en\/wp-json\/wp\/v2\/product_tag?post=45046"}],"curies":[{"name":"wp","href":"https:\/\/api.w.org\/{rel}","templated":true}]}}