{"id":45616,"date":"2022-11-07T15:19:40","date_gmt":"2022-11-07T13:19:40","guid":{"rendered":"https:\/\/alkaline.lv\/?post_type=product&#038;p=45616"},"modified":"2024-02-21T13:29:48","modified_gmt":"2024-02-21T11:29:48","slug":"roku-salvetes-ooops-celuloze-z-fold-2-slani190-loksnes-21-pac-iepak","status":"publish","type":"product","link":"https:\/\/alkaline.lv\/en\/products\/roku-salvetes-ooops-celuloze-z-fold-2-slani190-loksnes-21-pac-iepak\/","title":{"rendered":"Roku salvetes OOOPS celuloze, Z- Fold, 2 sl\u0101\u0146i,200 loksnes, 20 pac.\/iepak."},"content":{"rendered":"<ul>\n<li>2 sl\u0101\u0146i<\/li>\n<li>100% celuloze<\/li>\n<li>Loksnes izm\u0113rs saloc\u012bt\u0101 veid\u0101: 210 x 80 mm<\/li>\n<li>Loksnes izm\u0113rs nesaloc\u012bt\u0101 veid\u0101: 210 x 208 mm<\/li>\n<li>200 x loksnes paci\u0146\u0101<\/li>\n<li>20 paci\u0146as iepakojum\u0101<\/li>\n<\/ul>\n<p>&nbsp;<\/p>\n<p>&nbsp;<\/p>\n<p>&nbsp;<\/p>\n<p>&nbsp;<\/p>\n","protected":false},"excerpt":{"rendered":"<div class=\"item_meta\"><\/div>\n<div><\/div>\n","protected":false},"featured_media":45617,"template":"","meta":{"inline_featured_image":false},"product_cat":[135],"product_tag":[],"class_list":{"0":"post-45616","1":"product","2":"type-product","3":"status-publish","4":"has-post-thumbnail","6":"product_cat-sauras-salvetes","8":"first","9":"instock","10":"taxable","11":"shipping-taxable","12":"purchasable","13":"product-type-simple","14":"add-to-wishlist-after_add_to_cart"},"_links":{"self":[{"href":"https:\/\/alkaline.lv\/en\/wp-json\/wp\/v2\/product\/45616"}],"collection":[{"href":"https:\/\/alkaline.lv\/en\/wp-json\/wp\/v2\/product"}],"about":[{"href":"https:\/\/alkaline.lv\/en\/wp-json\/wp\/v2\/types\/product"}],"wp:featuredmedia":[{"embeddable":true,"href":"https:\/\/alkaline.lv\/en\/wp-json\/wp\/v2\/media\/45617"}],"wp:attachment":[{"href":"https:\/\/alkaline.lv\/en\/wp-json\/wp\/v2\/media?parent=45616"}],"wp:term":[{"taxonomy":"product_cat","embeddable":true,"href":"https:\/\/alkaline.lv\/en\/wp-json\/wp\/v2\/product_cat?post=45616"},{"taxonomy":"product_tag","embeddable":true,"href":"https:\/\/alkaline.lv\/en\/wp-json\/wp\/v2\/product_tag?post=45616"}],"curies":[{"name":"wp","href":"https:\/\/api.w.org\/{rel}","templated":true}]}}