{"id":46039,"date":"2022-11-25T14:20:11","date_gmt":"2022-11-25T12:20:11","guid":{"rendered":"https:\/\/alkaline.lv\/?post_type=product&#038;p=46039"},"modified":"2022-12-08T11:17:50","modified_gmt":"2022-12-08T09:17:50","slug":"mop-lupata-100x15cm-ar-kabatam-un-cilpam-kokvilnas-uchtem","status":"publish","type":"product","link":"https:\/\/alkaline.lv\/en\/products\/mop-lupata-100x15cm-ar-kabatam-un-cilpam-kokvilnas-uchtem\/","title":{"rendered":"MOP lupata 100x15cm, ar kabat\u0101m un cilp\u0101m, kokvilnas, kr\u0101su kod\u0113\u0161ana. (Uchtem)"},"content":{"rendered":"<div class=\"prodview-info-about\">\n<div class=\"prodview-info-about\">\n<div class=\"prodview-info-about\">\n<div class=\"prodview-info-about\">\n<div class=\"prodview-info-about\">\n<div class=\"prodview-info-about\">\n<div class=\"prodview-info-about\">\n<div class=\"prodview-info-about\">\n<div class=\"prodview-info-about\">\n<div class=\"prodview-info-about\">\n<div class=\"prodview-info-about\">\n<div class=\"prodview-info-about\">\n<div class=\"prodview-info-about\">\n<div class=\"prodview-info-about\">\n<div class=\"prodview-info-about\">\n<div class=\"prodview-info-about\">\n<div class=\"prodview-info-about\">\n<div class=\"prodview-info-about\">\n<div class=\"prodview-info-about\">\n<div class=\"prodview-info-about\">\n<div class=\"prodview-info-about\">\n<div class=\"prodview-info-about\">\n<div class=\"prodview-info-about\">\n<div class=\"prodview-info-about\">\n<div class=\"prodview-info-about\">\n<div class=\"prodview-info-about\">\n<div class=\"prodview-info-about\">\n<div class=\"prodview-info-about\">\n<div class=\"prodview-info-about\">\n<div class=\"prodview-info-about\">\n<div class=\"prodview-info-about\">\n<div class=\"prodview-info-about\">\n<p>Univers\u0101lais mops, kas sast\u0101v no 70% kokvilnas un 30% poliestera. Kr\u0101su kod\u0113\u0161ana.<\/p>\n<p>Mopu no \u0101rpuses ap\u0146em b\u0101rkstis, bet iek\u0161pus\u0113 cilpas, kas efekt\u012bvi sav\u0101c net\u012brumus, ne\u013caujot tiem vairs non\u0101kt uz virsmas.<\/p>\n<p>Dr\u012bkst mazg\u0101t temperat\u016br\u0101 l\u012bdz 90\u00baC, iztur 200 mazg\u0101\u0161anas rei\u017eu.<\/p>\n<p>Garums: 100 cm.<\/p>\n<p><strong>Ra\u017eot\u0101js: Uctem (Turcija)<\/strong><\/p>\n<\/div>\n<\/div>\n<\/div>\n<\/div>\n<\/div>\n<\/div>\n<\/div>\n<\/div>\n<\/div>\n<\/div>\n<\/div>\n<\/div>\n<\/div>\n<\/div>\n<\/div>\n<\/div>\n<\/div>\n<\/div>\n<\/div>\n<\/div>\n<\/div>\n<\/div>\n<\/div>\n<\/div>\n<\/div>\n<\/div>\n<\/div>\n<\/div>\n<\/div>\n<\/div>\n<\/div>\n<\/div>\n","protected":false},"excerpt":{"rendered":"<div class=\"item_meta\"><\/div>\n<div><\/div>\n","protected":false},"featured_media":46040,"template":"","meta":{"inline_featured_image":false},"product_cat":[1746],"product_tag":[],"class_list":{"0":"post-46039","1":"product","2":"type-product","3":"status-publish","4":"has-post-thumbnail","6":"product_cat-mopi-ar-kabatam","8":"first","9":"instock","10":"taxable","11":"shipping-taxable","12":"purchasable","13":"product-type-simple","14":"add-to-wishlist-after_add_to_cart"},"_links":{"self":[{"href":"https:\/\/alkaline.lv\/en\/wp-json\/wp\/v2\/product\/46039"}],"collection":[{"href":"https:\/\/alkaline.lv\/en\/wp-json\/wp\/v2\/product"}],"about":[{"href":"https:\/\/alkaline.lv\/en\/wp-json\/wp\/v2\/types\/product"}],"wp:featuredmedia":[{"embeddable":true,"href":"https:\/\/alkaline.lv\/en\/wp-json\/wp\/v2\/media\/46040"}],"wp:attachment":[{"href":"https:\/\/alkaline.lv\/en\/wp-json\/wp\/v2\/media?parent=46039"}],"wp:term":[{"taxonomy":"product_cat","embeddable":true,"href":"https:\/\/alkaline.lv\/en\/wp-json\/wp\/v2\/product_cat?post=46039"},{"taxonomy":"product_tag","embeddable":true,"href":"https:\/\/alkaline.lv\/en\/wp-json\/wp\/v2\/product_tag?post=46039"}],"curies":[{"name":"wp","href":"https:\/\/api.w.org\/{rel}","templated":true}]}}