{"id":46062,"date":"2022-11-26T00:13:17","date_gmt":"2022-11-25T22:13:17","guid":{"rendered":"https:\/\/alkaline.lv\/?post_type=product&#038;p=46062"},"modified":"2022-11-26T08:55:30","modified_gmt":"2022-11-26T06:55:30","slug":"markesanas-pistole-blitz-m6","status":"publish","type":"product","link":"https:\/\/alkaline.lv\/en\/products\/markesanas-pistole-blitz-m6\/","title":{"rendered":"Mar\u0137\u0113\u0161anas pistole BLITZ M6"},"content":{"rendered":"<p>Vienrindu mar\u0137\u0113\u0161anas pistole, cenu uzl\u012bmju mar\u0137\u0113\u0161anai un l\u012bm\u0113\u0161anai. 6 simboli rind\u0101. Lentes izm\u0113rs 26x16mm, taisnst\u016brveida.<\/p>\n","protected":false},"excerpt":{"rendered":"<p>Vienrindu mar\u0137\u0113\u0161anas pistole, cenu uzl\u012bmju mar\u0137\u0113\u0161anai un l\u012bm\u0113\u0161anai. 6 simboli rind\u0101. Lentes izm\u0113rs 26x16mm, taisnst\u016brveida.<\/p>\n","protected":false},"featured_media":46094,"template":"","meta":{"inline_featured_image":false},"product_cat":[688],"product_tag":[],"class_list":{"0":"post-46062","1":"product","2":"type-product","3":"status-publish","4":"has-post-thumbnail","6":"product_cat-cenu-markesanas-pistoles","8":"first","9":"instock","10":"taxable","11":"shipping-taxable","12":"purchasable","13":"product-type-simple","14":"add-to-wishlist-after_add_to_cart"},"_links":{"self":[{"href":"https:\/\/alkaline.lv\/en\/wp-json\/wp\/v2\/product\/46062"}],"collection":[{"href":"https:\/\/alkaline.lv\/en\/wp-json\/wp\/v2\/product"}],"about":[{"href":"https:\/\/alkaline.lv\/en\/wp-json\/wp\/v2\/types\/product"}],"wp:featuredmedia":[{"embeddable":true,"href":"https:\/\/alkaline.lv\/en\/wp-json\/wp\/v2\/media\/46094"}],"wp:attachment":[{"href":"https:\/\/alkaline.lv\/en\/wp-json\/wp\/v2\/media?parent=46062"}],"wp:term":[{"taxonomy":"product_cat","embeddable":true,"href":"https:\/\/alkaline.lv\/en\/wp-json\/wp\/v2\/product_cat?post=46062"},{"taxonomy":"product_tag","embeddable":true,"href":"https:\/\/alkaline.lv\/en\/wp-json\/wp\/v2\/product_tag?post=46062"}],"curies":[{"name":"wp","href":"https:\/\/api.w.org\/{rel}","templated":true}]}}