{"id":46204,"date":"2022-11-28T20:41:54","date_gmt":"2022-11-28T18:41:54","guid":{"rendered":"https:\/\/alkaline.lv\/?post_type=product&#038;p=46204"},"modified":"2022-11-28T20:44:16","modified_gmt":"2022-11-28T18:44:16","slug":"industrialais-papira-dvielis-rullos-clean-balts-2-slani-244-m-perforets-2-rulli-iepak","status":"publish","type":"product","link":"https:\/\/alkaline.lv\/en\/products\/industrialais-papira-dvielis-rullos-clean-balts-2-slani-244-m-perforets-2-rulli-iepak\/","title":{"rendered":"Industri\u0101lais pap\u012bra dvielis ru\u013c\u013cos Clean balts , 2 sl\u0101\u0146i, 244 m, perfor\u0113ts, 2 ru\u013c\u013ci\/iepak"},"content":{"rendered":"<div class=\"item_meta\">\n<div class=\"prodview-info-about\">\n<div class=\"prodview-info-about\">\n<div class=\"prodview-info-about\">\n<div class=\"prodview-info-about\">\n<div class=\"prodview-info-about\">\n<div class=\"prodview-info-about\">\n<div class=\"prodview-info-about\">\n<div class=\"prodview-info-about\">\n<div class=\"prodview-info-about\">\n<ul>\n<li>2 sl\u0101\u0146i<\/li>\n<li>100% celuloze, perfor\u0113ts<\/li>\n<li>Ru\u013c\u013ca garums:\u00a0 244m<\/li>\n<li>Ru\u013c\u013ca diametrs: 27 cm<\/li>\n<li>2 ru\u013c\u013ci iepakojum\u0101<\/li>\n<li>44 iepakojumi palet\u0113<\/li>\n<li>\u012apa\u0161i stiprs, biezs, r\u016bpnieciski \u017e\u0101v\u0113jams pap\u012brs, kas labi un \u0101tri uzs\u016bcas<\/li>\n<li>\u012apa\u0161i piem\u0113rots p\u0101rtikas apstr\u0101d\u0113, kur zil\u0101 kr\u0101sa nodro\u0161ina izsekojam\u012bbu<\/li>\n<\/ul>\n<\/div>\n<\/div>\n<\/div>\n<\/div>\n<\/div>\n<\/div>\n<\/div>\n<\/div>\n<\/div>\n<\/div>\n","protected":false},"excerpt":{"rendered":"<div class=\"item_meta\"><\/div>\n<div><\/div>\n","protected":false},"featured_media":46205,"template":"","meta":{"inline_featured_image":false},"product_cat":[96],"product_tag":[],"class_list":{"0":"post-46204","1":"product","2":"type-product","3":"status-publish","4":"has-post-thumbnail","6":"product_cat-industrialais-papirs","8":"first","9":"instock","10":"taxable","11":"shipping-taxable","12":"purchasable","13":"product-type-simple","14":"add-to-wishlist-after_add_to_cart"},"_links":{"self":[{"href":"https:\/\/alkaline.lv\/en\/wp-json\/wp\/v2\/product\/46204"}],"collection":[{"href":"https:\/\/alkaline.lv\/en\/wp-json\/wp\/v2\/product"}],"about":[{"href":"https:\/\/alkaline.lv\/en\/wp-json\/wp\/v2\/types\/product"}],"wp:featuredmedia":[{"embeddable":true,"href":"https:\/\/alkaline.lv\/en\/wp-json\/wp\/v2\/media\/46205"}],"wp:attachment":[{"href":"https:\/\/alkaline.lv\/en\/wp-json\/wp\/v2\/media?parent=46204"}],"wp:term":[{"taxonomy":"product_cat","embeddable":true,"href":"https:\/\/alkaline.lv\/en\/wp-json\/wp\/v2\/product_cat?post=46204"},{"taxonomy":"product_tag","embeddable":true,"href":"https:\/\/alkaline.lv\/en\/wp-json\/wp\/v2\/product_tag?post=46204"}],"curies":[{"name":"wp","href":"https:\/\/api.w.org\/{rel}","templated":true}]}}