{"id":46360,"date":"2022-12-02T11:15:35","date_gmt":"2022-12-02T09:15:35","guid":{"rendered":"https:\/\/alkaline.lv\/?post_type=product&#038;p=46360"},"modified":"2022-12-02T11:17:19","modified_gmt":"2022-12-02T09:17:19","slug":"mop-lupata-47cm-velcro-duotex-microwet-sarkans-mikroskiedras","status":"publish","type":"product","link":"https:\/\/alkaline.lv\/en\/products\/mop-lupata-47cm-velcro-duotex-microwet-sarkans-mikroskiedras\/","title":{"rendered":"MOP lupata 47cm Velcro Duotex MicroWet, sarkans, mikro\u0161\u0137iedras"},"content":{"rendered":"<div class=\"prodview-info-about\">\n<div class=\"prodview-info-about\">\n<div class=\"prodview-info-about\">\n<div class=\"prodview-info-about\">\n<div class=\"prodview-info-about\">\n<div class=\"prodview-info-about\">\n<div class=\"prodview-info-about\">\n<div class=\"prodview-info-about\">\n<div class=\"prodview-info-about\">\n<div class=\"prodview-info-about\">\n<div class=\"prodview-info-about\">\n<div class=\"prodview-info-about\">\n<div class=\"prodview-info-about\">\n<div class=\"prodview-info-about\">\n<div class=\"prodview-info-about\">\n<div class=\"prodview-info-about\">\n<div class=\"prodview-info-about\">\n<div class=\"prodview-info-about\">\n<div class=\"prodview-info-about\">\n<div class=\"prodview-info-about\">\n<div class=\"prodview-info-about\">\n<div class=\"prodview-info-about\">\n<div class=\"prodview-info-about\">\n<div class=\"prodview-info-about\">\n<div class=\"prodview-info-about\">\n<div class=\"prodview-info-about\">\n<div class=\"prodview-info-about\">\n<div class=\"prodview-info-about\">\n<div class=\"prodview-info-about\">\n<div class=\"prodview-info-about\">\n<div class=\"prodview-info-about\">\n<div class=\"prodview-info-about\">\n<div>\u00a0Paredz\u0113ts VELCRO tipa tur\u0113t\u0101jiem 40cm. No \u012bpa\u0161i atlas\u012bt\u0101m \u0161\u0137iedr\u0101m kuras vienl\u012bdz labi absorb\u0113 un nokl\u0101j \u0161\u0137idrumu. Mopa efektivit\u0101te garant\u0113ti saglab\u0101jas pat p\u0113c 500 mazg\u0101\u0161anas reiz\u0113m. Eko sertifik\u0101ts. Paredz\u0113ts virsmu dezinfekcijai, mitrai un slapjai uzkop\u0161anai. Var mazg\u0101t l\u012bdz 95\u00b0C.<\/div>\n<div class=\"item typography-style\">Ra\u017eot\u0101js <strong><a href=\"https:\/\/duotex.se\/product-category\/moppar-2\/\"><span class=\"\">Duotex\u00ae<\/span><\/a><\/strong><\/div>\n<div class=\"item typography-style\">Izm\u0113rs 40cm<\/div>\n<div class=\"item typography-style\">Materi\u0101ls mikro\u0161\u0137iedra<\/div>\n<div class=\"item typography-style\">Sist\u0113ma Velcro<\/div>\n<div>\n<h1 class=\"product-title\"><\/h1>\n<\/div>\n<\/div>\n<\/div>\n<\/div>\n<\/div>\n<\/div>\n<\/div>\n<\/div>\n<\/div>\n<\/div>\n<\/div>\n<\/div>\n<\/div>\n<\/div>\n<\/div>\n<\/div>\n<\/div>\n<\/div>\n<\/div>\n<\/div>\n<\/div>\n<\/div>\n<\/div>\n<\/div>\n<\/div>\n<\/div>\n<\/div>\n<\/div>\n<\/div>\n<\/div>\n<\/div>\n<\/div>\n<\/div>\n","protected":false},"excerpt":{"rendered":"<div class=\"item_meta\"><\/div>\n<div><\/div>\n","protected":false},"featured_media":46361,"template":"","meta":{"inline_featured_image":false},"product_cat":[1747],"product_tag":[],"class_list":{"0":"post-46360","1":"product","2":"type-product","3":"status-publish","4":"has-post-thumbnail","6":"product_cat-mopi-ar-limlenti-velkro","8":"first","9":"instock","10":"taxable","11":"shipping-taxable","12":"purchasable","13":"product-type-simple","14":"add-to-wishlist-after_add_to_cart"},"_links":{"self":[{"href":"https:\/\/alkaline.lv\/en\/wp-json\/wp\/v2\/product\/46360"}],"collection":[{"href":"https:\/\/alkaline.lv\/en\/wp-json\/wp\/v2\/product"}],"about":[{"href":"https:\/\/alkaline.lv\/en\/wp-json\/wp\/v2\/types\/product"}],"wp:featuredmedia":[{"embeddable":true,"href":"https:\/\/alkaline.lv\/en\/wp-json\/wp\/v2\/media\/46361"}],"wp:attachment":[{"href":"https:\/\/alkaline.lv\/en\/wp-json\/wp\/v2\/media?parent=46360"}],"wp:term":[{"taxonomy":"product_cat","embeddable":true,"href":"https:\/\/alkaline.lv\/en\/wp-json\/wp\/v2\/product_cat?post=46360"},{"taxonomy":"product_tag","embeddable":true,"href":"https:\/\/alkaline.lv\/en\/wp-json\/wp\/v2\/product_tag?post=46360"}],"curies":[{"name":"wp","href":"https:\/\/api.w.org\/{rel}","templated":true}]}}