{"id":46573,"date":"2022-12-04T20:34:37","date_gmt":"2022-12-04T18:34:37","guid":{"rendered":"https:\/\/alkaline.lv\/?post_type=product&#038;p=46573"},"modified":"2022-12-04T20:40:02","modified_gmt":"2022-12-04T18:40:02","slug":"teja-auglu-ahmad-vanilla-20x2g","status":"publish","type":"product","link":"https:\/\/alkaline.lv\/en\/products\/teja-auglu-ahmad-vanilla-20x2g\/","title":{"rendered":"T\u0113ja aug\u013cu Ahmad Vanilla, 20x2g"},"content":{"rendered":"<p>Ar bag\u0101tu saldenu un siltu gar\u0161u, m\u016bsu vani\u013cu vislab\u0101k pasniegt karstu bez piena, lai rad\u012btu dabiski arom\u0101tisku un atspirdzino\u0161u dz\u0113rienu. Aromatiz\u0113ta meln\u0101 t\u0113ja ar vani\u013cas gabali\u0146iem, folijas iepakojum\u0101. Uzl\u0113jumu iztur\u0113t 3-5 min\u016btes.<\/p>\n","protected":false},"excerpt":{"rendered":"<p>Ar bag\u0101tu saldenu un siltu gar\u0161u, m\u016bsu vani\u013cu vislab\u0101k pasniegt karstu bez piena, lai rad\u012btu dabiski arom\u0101tisku un atspirdzino\u0161u dz\u0113rienu. Aromatiz\u0113ta meln\u0101 t\u0113ja ar vani\u013cas gabali\u0146iem, folijas iepakojum\u0101. Uzl\u0113jumu iztur\u0113t 3-5 min\u016btes.<\/p>\n","protected":false},"featured_media":46576,"template":"","meta":{"inline_featured_image":false},"product_cat":[1755],"product_tag":[],"class_list":{"0":"post-46573","1":"product","2":"type-product","3":"status-publish","4":"has-post-thumbnail","6":"product_cat-melna-auglu-teja","8":"first","9":"instock","10":"taxable","11":"shipping-taxable","12":"purchasable","13":"product-type-simple","14":"add-to-wishlist-after_add_to_cart"},"_links":{"self":[{"href":"https:\/\/alkaline.lv\/en\/wp-json\/wp\/v2\/product\/46573"}],"collection":[{"href":"https:\/\/alkaline.lv\/en\/wp-json\/wp\/v2\/product"}],"about":[{"href":"https:\/\/alkaline.lv\/en\/wp-json\/wp\/v2\/types\/product"}],"wp:featuredmedia":[{"embeddable":true,"href":"https:\/\/alkaline.lv\/en\/wp-json\/wp\/v2\/media\/46576"}],"wp:attachment":[{"href":"https:\/\/alkaline.lv\/en\/wp-json\/wp\/v2\/media?parent=46573"}],"wp:term":[{"taxonomy":"product_cat","embeddable":true,"href":"https:\/\/alkaline.lv\/en\/wp-json\/wp\/v2\/product_cat?post=46573"},{"taxonomy":"product_tag","embeddable":true,"href":"https:\/\/alkaline.lv\/en\/wp-json\/wp\/v2\/product_tag?post=46573"}],"curies":[{"name":"wp","href":"https:\/\/api.w.org\/{rel}","templated":true}]}}