{"id":46632,"date":"2022-12-05T01:04:17","date_gmt":"2022-12-04T23:04:17","guid":{"rendered":"https:\/\/alkaline.lv\/?post_type=product&#038;p=46632"},"modified":"2022-12-05T01:06:51","modified_gmt":"2022-12-04T23:06:51","slug":"teja-auglu-ahmad-blackcurrant-20x1-8g","status":"publish","type":"product","link":"https:\/\/alkaline.lv\/en\/products\/teja-auglu-ahmad-blackcurrant-20x1-8g\/","title":{"rendered":"T\u0113ja aug\u013cu Ahmad Blackcurrant, 20&#215;1,.8g"},"content":{"rendered":"<p>Atsvaidzino\u0161s dz\u0113riens. Salda upe\u0146u vasaras gar\u0161a ir iem\u016b\u017ein\u0101ta \u0161aj\u0101 burv\u012bgaj\u0101 un atveldz\u0113jo\u0161\u0101 t\u0113jas dz\u0113rien\u0101. Nesatur kofe\u012bnu. Uzl\u0113jumu iztur\u0113t 5 min\u016btes. T\u0113jas maisi\u0146i ar aukli\u0146\u0101m individu\u0101l\u0101 folijas iepakojum\u0101, \u013cauj piln\u012bb\u0101 saglab\u0101t t\u0113jas gar\u0161u un arom\u0101tu.<\/p>\n","protected":false},"excerpt":{"rendered":"<p>Atsvaidzino\u0161s dz\u0113riens. Salda upe\u0146u vasaras gar\u0161a ir iem\u016b\u017ein\u0101ta \u0161aj\u0101 burv\u012bgaj\u0101 un atveldz\u0113jo\u0161\u0101 t\u0113jas dz\u0113rien\u0101. Nesatur kofe\u012bnu. Uzl\u0113jumu iztur\u0113t 5 min\u016btes. T\u0113jas maisi\u0146i ar aukli\u0146\u0101m individu\u0101l\u0101 folijas iepakojum\u0101, \u013cauj piln\u012bb\u0101 saglab\u0101t t\u0113jas gar\u0161u un arom\u0101tu.<\/p>\n","protected":false},"featured_media":46633,"template":"","meta":{"inline_featured_image":false},"product_cat":[1757],"product_tag":[],"class_list":{"0":"post-46632","1":"product","2":"type-product","3":"status-publish","4":"has-post-thumbnail","6":"product_cat-zalu-teja","8":"first","9":"instock","10":"taxable","11":"shipping-taxable","12":"purchasable","13":"product-type-simple","14":"add-to-wishlist-after_add_to_cart"},"_links":{"self":[{"href":"https:\/\/alkaline.lv\/en\/wp-json\/wp\/v2\/product\/46632"}],"collection":[{"href":"https:\/\/alkaline.lv\/en\/wp-json\/wp\/v2\/product"}],"about":[{"href":"https:\/\/alkaline.lv\/en\/wp-json\/wp\/v2\/types\/product"}],"wp:featuredmedia":[{"embeddable":true,"href":"https:\/\/alkaline.lv\/en\/wp-json\/wp\/v2\/media\/46633"}],"wp:attachment":[{"href":"https:\/\/alkaline.lv\/en\/wp-json\/wp\/v2\/media?parent=46632"}],"wp:term":[{"taxonomy":"product_cat","embeddable":true,"href":"https:\/\/alkaline.lv\/en\/wp-json\/wp\/v2\/product_cat?post=46632"},{"taxonomy":"product_tag","embeddable":true,"href":"https:\/\/alkaline.lv\/en\/wp-json\/wp\/v2\/product_tag?post=46632"}],"curies":[{"name":"wp","href":"https:\/\/api.w.org\/{rel}","templated":true}]}}