{"id":46840,"date":"2022-12-09T09:26:56","date_gmt":"2022-12-09T07:26:56","guid":{"rendered":"https:\/\/alkaline.lv\/?post_type=product&#038;p=46840"},"modified":"2022-12-09T09:29:34","modified_gmt":"2022-12-09T07:29:34","slug":"mop-lupata-40cm-pongal-micro-ultra-abrasivo-zali-dzeltena-mikroskiedraskrasu-kodesana","status":"publish","type":"product","link":"https:\/\/alkaline.lv\/en\/products\/mop-lupata-40cm-pongal-micro-ultra-abrasivo-zali-dzeltena-mikroskiedraskrasu-kodesana\/","title":{"rendered":"MOP lupata 40cm PONGAL MICRO ULTRA ABRASIVO za\u013ci\/dzeltena, mikro\u0161\u0137iedras,kr\u0101su kod\u0113\u0161ana"},"content":{"rendered":"<div class=\"prodview-info-about\">\n<div class=\"prodview-info-about\">\n<div class=\"prodview-info-about\">\n<div class=\"prodview-info-about\">\n<div class=\"prodview-info-about\">\n<div class=\"prodview-info-about\">\n<div class=\"prodview-info-about\">\n<div class=\"prodview-info-about\">\n<div class=\"prodview-info-about\">\n<div class=\"prodview-info-about\">\n<div class=\"prodview-info-about\">\n<div class=\"prodview-info-about\">\n<div class=\"prodview-info-about\">\n<div class=\"prodview-info-about\">\n<div class=\"prodview-info-about\">\n<div class=\"prodview-info-about\">\n<div class=\"prodview-info-about\">\n<div class=\"prodview-info-about\">\n<div class=\"prodview-info-about\">\n<div class=\"prodview-info-about\">\n<div class=\"prodview-info-about\">\n<div class=\"prodview-info-about\">\n<div class=\"prodview-info-about\">\n<div class=\"prodview-info-about\">\n<div class=\"prodview-info-about\">\n<div class=\"prodview-info-about\">\n<div class=\"prodview-info-about\">\n<div class=\"prodview-info-about\">\n<div class=\"prodview-info-about\">\n<div class=\"prodview-info-about\">\n<div class=\"prodview-info-about\">\n<div class=\"prodview-info-about\">\n<div>Mikro\u0161\u0137iedras mops ikdienas t\u012br\u012b\u0161anai. Var izmantot gan sausai, gan mitrai uzkop\u0161anai.<\/div>\n<div class=\"item typography-style\">Ra\u017eot\u0101js textilespongal<\/div>\n<div class=\"item typography-style\">Izm\u0113rs 40cm<\/div>\n<div class=\"item typography-style\">Materi\u0101ls mikro\u0161\u0137iedra<\/div>\n<div class=\"item typography-style\">Sist\u0113ma Velcro<\/div>\n<div>\n<p>Kr\u0101sa: Za\u013ca\/dzeltena<\/p>\n<p>&nbsp;<\/p>\n<\/div>\n<\/div>\n<\/div>\n<\/div>\n<\/div>\n<\/div>\n<\/div>\n<\/div>\n<\/div>\n<\/div>\n<\/div>\n<\/div>\n<\/div>\n<\/div>\n<\/div>\n<\/div>\n<\/div>\n<\/div>\n<\/div>\n<\/div>\n<\/div>\n<\/div>\n<\/div>\n<\/div>\n<\/div>\n<\/div>\n<\/div>\n<\/div>\n<\/div>\n<\/div>\n<\/div>\n<\/div>\n<\/div>\n","protected":false},"excerpt":{"rendered":"<div class=\"item_meta\"><\/div>\n<div><\/div>\n","protected":false},"featured_media":46842,"template":"","meta":{"inline_featured_image":false},"product_cat":[1747],"product_tag":[],"class_list":{"0":"post-46840","1":"product","2":"type-product","3":"status-publish","4":"has-post-thumbnail","6":"product_cat-mopi-ar-limlenti-velkro","8":"first","9":"instock","10":"taxable","11":"shipping-taxable","12":"purchasable","13":"product-type-simple","14":"add-to-wishlist-after_add_to_cart"},"_links":{"self":[{"href":"https:\/\/alkaline.lv\/en\/wp-json\/wp\/v2\/product\/46840"}],"collection":[{"href":"https:\/\/alkaline.lv\/en\/wp-json\/wp\/v2\/product"}],"about":[{"href":"https:\/\/alkaline.lv\/en\/wp-json\/wp\/v2\/types\/product"}],"wp:featuredmedia":[{"embeddable":true,"href":"https:\/\/alkaline.lv\/en\/wp-json\/wp\/v2\/media\/46842"}],"wp:attachment":[{"href":"https:\/\/alkaline.lv\/en\/wp-json\/wp\/v2\/media?parent=46840"}],"wp:term":[{"taxonomy":"product_cat","embeddable":true,"href":"https:\/\/alkaline.lv\/en\/wp-json\/wp\/v2\/product_cat?post=46840"},{"taxonomy":"product_tag","embeddable":true,"href":"https:\/\/alkaline.lv\/en\/wp-json\/wp\/v2\/product_tag?post=46840"}],"curies":[{"name":"wp","href":"https:\/\/api.w.org\/{rel}","templated":true}]}}