{"id":47014,"date":"2022-12-22T16:31:19","date_gmt":"2022-12-22T14:31:19","guid":{"rendered":"https:\/\/alkaline.lv\/?post_type=product&#038;p=47014"},"modified":"2024-02-12T21:42:41","modified_gmt":"2024-02-12T19:42:41","slug":"antibakterialas-skidras-ziepes-ewol-sd-ar-abolu-smarzu-5l","status":"publish","type":"product","link":"https:\/\/alkaline.lv\/en\/products\/antibakterialas-skidras-ziepes-ewol-sd-ar-abolu-smarzu-5l\/","title":{"rendered":"Antibakteri\u0101l\u0101s \u0161\u0137idr\u0101s ziepes &#8220;Ewol SD&#8221; ar \u0101bolu smar\u017eu, 5L"},"content":{"rendered":"<div class=\"simple-content\">\n<p>Gatavas lieto\u0161anai. Piem\u0113rotas visu veidu dozatoriem. Augstas kvalit\u0101tes \u0161\u0137idr\u0101s ziepes roku un \u0137erme\u0146a mazg\u0101\u0161anai. Sast\u0101vs apvieno sev\u012b efekt\u012bvu \u0101das t\u012br\u012b\u0161anu un aizsardz\u012bbu. M\u012bkstina \u0101du.<span class=\"prodDescValue\">\u00a0\u0100dai labv\u0113l\u012bgs pH.<\/span>\u00a0Ar \u0101bolu smar\u017eu.<\/p>\n<p><strong>Tilpums: 5 litri.<\/strong><\/p>\n<p>&nbsp;<\/p>\n<p><strong>Ra\u017eot\u0101js: J\u016bsma (Latvija)<\/strong><\/p>\n<\/div>\n<p>&nbsp;<\/p>\n","protected":false},"excerpt":{"rendered":"<div class=\"item_meta\"><\/div>\n<div><\/div>\n","protected":false},"featured_media":71083,"template":"","meta":{"inline_featured_image":false},"product_cat":[132],"product_tag":[],"class_list":{"0":"post-47014","1":"product","2":"type-product","3":"status-publish","4":"has-post-thumbnail","6":"product_cat-skidras-ziepes","8":"first","9":"instock","10":"taxable","11":"shipping-taxable","12":"purchasable","13":"product-type-simple","14":"add-to-wishlist-after_add_to_cart"},"_links":{"self":[{"href":"https:\/\/alkaline.lv\/en\/wp-json\/wp\/v2\/product\/47014"}],"collection":[{"href":"https:\/\/alkaline.lv\/en\/wp-json\/wp\/v2\/product"}],"about":[{"href":"https:\/\/alkaline.lv\/en\/wp-json\/wp\/v2\/types\/product"}],"wp:featuredmedia":[{"embeddable":true,"href":"https:\/\/alkaline.lv\/en\/wp-json\/wp\/v2\/media\/71083"}],"wp:attachment":[{"href":"https:\/\/alkaline.lv\/en\/wp-json\/wp\/v2\/media?parent=47014"}],"wp:term":[{"taxonomy":"product_cat","embeddable":true,"href":"https:\/\/alkaline.lv\/en\/wp-json\/wp\/v2\/product_cat?post=47014"},{"taxonomy":"product_tag","embeddable":true,"href":"https:\/\/alkaline.lv\/en\/wp-json\/wp\/v2\/product_tag?post=47014"}],"curies":[{"name":"wp","href":"https:\/\/api.w.org\/{rel}","templated":true}]}}