{"id":47090,"date":"2022-12-24T00:17:36","date_gmt":"2022-12-23T22:17:36","guid":{"rendered":"https:\/\/alkaline.lv\/?post_type=product&#038;p=47090"},"modified":"2022-12-24T00:20:14","modified_gmt":"2022-12-23T22:20:14","slug":"pielimejamas-aploksnes-pavaddokumentiem-c65-1000-gab","status":"publish","type":"product","link":"https:\/\/alkaline.lv\/en\/products\/pielimejamas-aploksnes-pavaddokumentiem-c65-1000-gab\/","title":{"rendered":"Piel\u012bm\u0113jam\u0101s aploksnes pavaddokumentiem, C65, 1000 gab."},"content":{"rendered":"<div class=\"field field-name-field-short-text field-type-text-long field-label-hidden\">\n<div class=\"field-items\">\n<div class=\"field-item even\">Pa\u0161l\u012bm\u0113jo\u0161as caursp\u012bd\u012bgas polietil\u0113na aploksnes, kas tiek piel\u012bm\u0113tas pie iepakojuma materi\u0101liem. Va\u013c\u0113ja aug\u0161mala ar atloci, dokumentu ievieto\u0161anai un tad kabati\u0146as aizl\u012bm\u0113\u0161anai. Paredz\u0113tas pavadz\u012bmju un citas ar preces pieg\u0101di saist\u012btas inform\u0101cijas piestiprin\u0101\u0161anai pie transport\u0113jam\u0101 produkta iepakojuma, paletes vai kastes. Aploksnes aizsarg\u0101 dokumentus no putek\u013ciem, net\u012brumiem un mitruma. Form\u0101ts LD jeb C65. Izm\u0113rs: platums 225mm, augstums 110mm. Aploksnes biezums: 30mk. Iepakojum\u0101 ir 1000 piel\u012bm\u0113jamas aploksnes.<\/div>\n<\/div>\n<\/div>\n","protected":false},"excerpt":{"rendered":"<p>Pa\u0161l\u012bm\u0113jo\u0161as caursp\u012bd\u012bgas polietil\u0113na aploksnes, kas tiek piel\u012bm\u0113tas pie iepakojuma materi\u0101liem. Va\u013c\u0113ja aug\u0161mala ar atloci, dokumentu ievieto\u0161anai un tad kabati\u0146as aizl\u012bm\u0113\u0161anai. Paredz\u0113tas pavadz\u012bmju un citas ar preces pieg\u0101di saist\u012btas inform\u0101cijas piestiprin\u0101\u0161anai pie transport\u0113jam\u0101 produkta iepakojuma, paletes vai kastes. Aploksnes aizsarg\u0101 dokumentus no putek\u013ciem, net\u012brumiem un mitruma. Form\u0101ts LD jeb C65. Izm\u0113rs: platums 225mm, augstums 110mm. Aploksnes [&hellip;]<\/p>\n","protected":false},"featured_media":47091,"template":"","meta":{"inline_featured_image":false},"product_cat":[294],"product_tag":[],"class_list":{"0":"post-47090","1":"product","2":"type-product","3":"status-publish","4":"has-post-thumbnail","6":"product_cat-specialas-aploksnes","8":"first","9":"instock","10":"taxable","11":"shipping-taxable","12":"purchasable","13":"product-type-simple","14":"add-to-wishlist-after_add_to_cart"},"_links":{"self":[{"href":"https:\/\/alkaline.lv\/en\/wp-json\/wp\/v2\/product\/47090","targetHints":{"allow":["GET"]}}],"collection":[{"href":"https:\/\/alkaline.lv\/en\/wp-json\/wp\/v2\/product"}],"about":[{"href":"https:\/\/alkaline.lv\/en\/wp-json\/wp\/v2\/types\/product"}],"wp:featuredmedia":[{"embeddable":true,"href":"https:\/\/alkaline.lv\/en\/wp-json\/wp\/v2\/media\/47091"}],"wp:attachment":[{"href":"https:\/\/alkaline.lv\/en\/wp-json\/wp\/v2\/media?parent=47090"}],"wp:term":[{"taxonomy":"product_cat","embeddable":true,"href":"https:\/\/alkaline.lv\/en\/wp-json\/wp\/v2\/product_cat?post=47090"},{"taxonomy":"product_tag","embeddable":true,"href":"https:\/\/alkaline.lv\/en\/wp-json\/wp\/v2\/product_tag?post=47090"}],"curies":[{"name":"wp","href":"https:\/\/api.w.org\/{rel}","templated":true}]}}