{"id":47109,"date":"2022-12-26T21:34:17","date_gmt":"2022-12-26T19:34:17","guid":{"rendered":"https:\/\/alkaline.lv\/?post_type=product&#038;p=47109"},"modified":"2024-08-06T10:17:25","modified_gmt":"2024-08-06T07:17:25","slug":"stiklu-tirisanas-lidzeklis-room-care-r3-750-ml","status":"publish","type":"product","link":"https:\/\/alkaline.lv\/en\/products\/stiklu-tirisanas-lidzeklis-room-care-r3-750-ml\/","title":{"rendered":"Stiklu t\u012br\u012b\u0161anas l\u012bdzeklis ROOM CARE R3, 750 ml"},"content":{"rendered":"<div class=\"item_meta\">\n<p>\u0100tri not\u012bra net\u012brumus un pie\u0161\u0137ir mirdzumu, neatst\u0101jot uz virsmas sv\u012btras. L\u012bdzeklis ir gatavs lieto\u0161anai. Paredz\u0113ts logu, spogu\u013cu, galdu un citu cietu interjera virsmu t\u012br\u012b\u0161anai.<\/p>\n<p>RoomCare R3 ir gatavs lieto\u0161anai izsmidzin\u0101ms t\u012br\u012b\u0161anas l\u012bdzeklis stikla, spogu\u013cu un citu \u016bdens notur\u012bgu cietu virsmu t\u012br\u012b\u0161anai.<\/p>\n<p>\u2022 \u013boti efekt\u012bvs, pH neitr\u0101ls<\/p>\n<p>\u2022 \u0100tri no\u017e\u016bst un neatst\u0101j \u0161v\u012bkas<\/p>\n<p>\u2022 Ar svaigu arom\u0101tu<\/p>\n<p>\u2022 Unik\u0101la, patent\u0113ta ONT gaisa atsvaidzin\u0101\u0161anas tehnolo\u0123ija, kas samazina nepat\u012bkamu smaku molekulas.<\/p>\n<p><strong>pH \u00b17.5<\/strong><\/p>\n<\/div>\n<p><strong>Tilpums: 750 ml<\/strong><\/p>\n","protected":false},"excerpt":{"rendered":"<p>\u0100tri not\u012bra net\u012brumus un pie\u0161\u0137ir mirdzumu, neatst\u0101jot uz virsmas sv\u012btras. L\u012bdzeklis ir gatavs lieto\u0161anai. Paredz\u0113ts logu, spogu\u013cu, galdu un citu cietu interjera virsmu t\u012br\u012b\u0161anai. RoomCare R3 ir gatavs lieto\u0161anai izsmidzin\u0101ms t\u012br\u012b\u0161anas l\u012bdzeklis stikla, spogu\u013cu un citu \u016bdens notur\u012bgu cietu virsmu t\u012br\u012b\u0161anai. \u2022 \u013boti efekt\u012bvs, pH neitr\u0101ls \u2022 \u0100tri no\u017e\u016bst un neatst\u0101j \u0161v\u012bkas \u2022 Ar svaigu [&hellip;]<\/p>\n","protected":false},"featured_media":47110,"template":"","meta":{"inline_featured_image":false},"product_cat":[74],"product_tag":[],"class_list":{"0":"post-47109","1":"product","2":"type-product","3":"status-publish","4":"has-post-thumbnail","6":"product_cat-stiklu-tirisana","8":"first","9":"instock","10":"taxable","11":"shipping-taxable","12":"purchasable","13":"product-type-simple","14":"add-to-wishlist-after_add_to_cart"},"_links":{"self":[{"href":"https:\/\/alkaline.lv\/en\/wp-json\/wp\/v2\/product\/47109"}],"collection":[{"href":"https:\/\/alkaline.lv\/en\/wp-json\/wp\/v2\/product"}],"about":[{"href":"https:\/\/alkaline.lv\/en\/wp-json\/wp\/v2\/types\/product"}],"wp:featuredmedia":[{"embeddable":true,"href":"https:\/\/alkaline.lv\/en\/wp-json\/wp\/v2\/media\/47110"}],"wp:attachment":[{"href":"https:\/\/alkaline.lv\/en\/wp-json\/wp\/v2\/media?parent=47109"}],"wp:term":[{"taxonomy":"product_cat","embeddable":true,"href":"https:\/\/alkaline.lv\/en\/wp-json\/wp\/v2\/product_cat?post=47109"},{"taxonomy":"product_tag","embeddable":true,"href":"https:\/\/alkaline.lv\/en\/wp-json\/wp\/v2\/product_tag?post=47109"}],"curies":[{"name":"wp","href":"https:\/\/api.w.org\/{rel}","templated":true}]}}