{"id":47159,"date":"2022-12-29T17:16:06","date_gmt":"2022-12-29T15:16:06","guid":{"rendered":"https:\/\/alkaline.lv\/?post_type=product&#038;p=47159"},"modified":"2023-08-21T14:09:30","modified_gmt":"2023-08-21T11:09:30","slug":"skalosanas-lidzeklis-trauku-mazgajamam-masinam-finish-shine-dry-lemon-400-ml","status":"publish","type":"product","link":"https:\/\/alkaline.lv\/en\/products\/skalosanas-lidzeklis-trauku-mazgajamam-masinam-finish-shine-dry-lemon-400-ml\/","title":{"rendered":"Skalo\u0161anas l\u012bdzeklis trauku mazg\u0101jam\u0101m ma\u0161\u012bn\u0101m Finish shine &#038; Dry Lemon, 400 ml"},"content":{"rendered":"<p>Finish all in 1 skalojamais l\u012bdzeklis trauku mazg\u0101jamiem autom\u0101tiem, Rinse aid. Jaun\u0101 formula nodro\u0161ina spodrus un mirdzo\u0161us traukus, un uzlabo mazg\u0101\u0161anas rezult\u0101tus<\/p>\n<p><strong>Tilpums: 400 ml<\/strong><\/p>\n<div class=\"catalog-page pb-0 mob-p\">\n<div class=\"container\">\n<div class=\"title-content\">\n<h1><\/h1>\n<\/div>\n<\/div>\n<\/div>\n","protected":false},"excerpt":{"rendered":"<div class=\"item_meta\"><\/div>\n<div><\/div>\n","protected":false},"featured_media":47160,"template":"","meta":{"inline_featured_image":false},"product_cat":[373],"product_tag":[],"class_list":{"0":"post-47159","1":"product","2":"type-product","3":"status-publish","4":"has-post-thumbnail","6":"product_cat-trauku-masinam-skalosanas-lidzekli","8":"first","9":"instock","10":"taxable","11":"shipping-taxable","12":"purchasable","13":"product-type-simple","14":"add-to-wishlist-after_add_to_cart"},"_links":{"self":[{"href":"https:\/\/alkaline.lv\/en\/wp-json\/wp\/v2\/product\/47159"}],"collection":[{"href":"https:\/\/alkaline.lv\/en\/wp-json\/wp\/v2\/product"}],"about":[{"href":"https:\/\/alkaline.lv\/en\/wp-json\/wp\/v2\/types\/product"}],"wp:featuredmedia":[{"embeddable":true,"href":"https:\/\/alkaline.lv\/en\/wp-json\/wp\/v2\/media\/47160"}],"wp:attachment":[{"href":"https:\/\/alkaline.lv\/en\/wp-json\/wp\/v2\/media?parent=47159"}],"wp:term":[{"taxonomy":"product_cat","embeddable":true,"href":"https:\/\/alkaline.lv\/en\/wp-json\/wp\/v2\/product_cat?post=47159"},{"taxonomy":"product_tag","embeddable":true,"href":"https:\/\/alkaline.lv\/en\/wp-json\/wp\/v2\/product_tag?post=47159"}],"curies":[{"name":"wp","href":"https:\/\/api.w.org\/{rel}","templated":true}]}}