{"id":47183,"date":"2022-12-30T11:38:14","date_gmt":"2022-12-30T09:38:14","guid":{"rendered":"https:\/\/alkaline.lv\/?post_type=product&#038;p=47183"},"modified":"2022-12-30T11:40:00","modified_gmt":"2022-12-30T09:40:00","slug":"velas-mikstinatajs-lenor-gentle-touch-sensitive-930-ml","status":"publish","type":"product","link":"https:\/\/alkaline.lv\/en\/products\/velas-mikstinatajs-lenor-gentle-touch-sensitive-930-ml\/","title":{"rendered":"Ve\u013cas m\u012bkstin\u0101t\u0101js \u00a0LENOR Gentle Touch Sensitive, 930 ml"},"content":{"rendered":"<p>LENOR Gentle Touch Sensitive hipoaler\u0123isks ve\u013cas m\u012bkstin\u0101t\u0101js ap\u0123\u0113rba maigumam un r\u016bp\u0113m par \u0101du. Paredz\u0113ts 31 mazg\u0101\u0161anas reizei. Piem\u0113rots b\u0113rniem un cilv\u0113kiem ar jut\u012bgu \u0101du. Nesatur alerg\u0113nus, dermatolo\u0123iski apstiprin\u0101ts.<\/p>\n<p><strong>Tilpums: 930 ml<\/strong><\/p>\n<h1><\/h1>\n","protected":false},"excerpt":{"rendered":"<div class=\"item_meta\"><\/div>\n<div><\/div>\n","protected":false},"featured_media":47184,"template":"","meta":{"inline_featured_image":false},"product_cat":[77],"product_tag":[],"class_list":{"0":"post-47183","1":"product","2":"type-product","3":"status-publish","4":"has-post-thumbnail","6":"product_cat-velas-mazgasanas-lidzekli","8":"first","9":"instock","10":"taxable","11":"shipping-taxable","12":"purchasable","13":"product-type-simple","14":"add-to-wishlist-after_add_to_cart"},"_links":{"self":[{"href":"https:\/\/alkaline.lv\/en\/wp-json\/wp\/v2\/product\/47183"}],"collection":[{"href":"https:\/\/alkaline.lv\/en\/wp-json\/wp\/v2\/product"}],"about":[{"href":"https:\/\/alkaline.lv\/en\/wp-json\/wp\/v2\/types\/product"}],"wp:featuredmedia":[{"embeddable":true,"href":"https:\/\/alkaline.lv\/en\/wp-json\/wp\/v2\/media\/47184"}],"wp:attachment":[{"href":"https:\/\/alkaline.lv\/en\/wp-json\/wp\/v2\/media?parent=47183"}],"wp:term":[{"taxonomy":"product_cat","embeddable":true,"href":"https:\/\/alkaline.lv\/en\/wp-json\/wp\/v2\/product_cat?post=47183"},{"taxonomy":"product_tag","embeddable":true,"href":"https:\/\/alkaline.lv\/en\/wp-json\/wp\/v2\/product_tag?post=47183"}],"curies":[{"name":"wp","href":"https:\/\/api.w.org\/{rel}","templated":true}]}}