{"id":47247,"date":"2023-01-09T13:58:39","date_gmt":"2023-01-09T11:58:39","guid":{"rendered":"https:\/\/alkaline.lv\/?post_type=product&#038;p=47247"},"modified":"2023-01-09T14:31:28","modified_gmt":"2023-01-09T12:31:28","slug":"mopa-turetajs-swep-duo-plus-50-cm","status":"publish","type":"product","link":"https:\/\/alkaline.lv\/en\/products\/mopa-turetajs-swep-duo-plus-50-cm\/","title":{"rendered":"Mopa tur\u0113t\u0101js SWEP DUO PLUS, 50 cm"},"content":{"rendered":"<div class=\"prodview-info-about\">\n<div class=\"prodview-info-about\">\n<div class=\"prodview-info-about\">\n<div class=\"prodview-info-about\">\n<div class=\"prodview-info-about\">\n<div class=\"prodview-info-about\">\n<div class=\"prodview-info-about\">\n<div class=\"prodview-info-about\">\n<div class=\"prodview-info-about\">\n<div class=\"prodview-info-about\">\n<div class=\"prodview-info-about\">\n<div class=\"prodview-info-about\">\n<div class=\"prodview-info-about\">\n<div class=\"prodview-info-about\">\n<div class=\"prodview-info-about\">\n<div class=\"prodview-info-about\">\n<div class=\"prodview-info-about\">\n<div class=\"prodview-info-about\">\n<div class=\"prodview-info-about\">\n<div class=\"prodview-info-about\">\n<div class=\"prodview-info-about\">\n<div class=\"prodview-info-about\">\n<div class=\"prodview-info-about\">\n<div class=\"prodview-info-about\">\n<div class=\"prodview-info-about\">\n<div class=\"prodview-info-about\">\n<div class=\"prodview-info-about\">\n<div class=\"prodview-info-about\">\n<div class=\"prodview-info-about\">\n<div class=\"prodview-info-about\">\n<div class=\"prodview-info-about\">\n<div class=\"prodview-info-about\">\n<div class=\"product-content-title\">\n<div>Trapecveida plastmasas mopa tur\u0113t\u0101js ar iestr\u0101d\u0101tu \u012bpa\u0161u \u0101\u0137i, kur\u0161 \u013cauj no\u0146emt net\u012bro mopu, tam nepieskaroties.<\/div>\n<div>Mopa tur\u0113t\u0101js piem\u0113rots gan Swep Classic (vienpus\u0113jie mopi), gan Swep Duo (divpus\u0113jie mopi) sist\u0113mas mopiem.<\/div>\n<div><strong>\u012apa\u0161\u012bbas:<\/strong><br \/>\n&#8211;\u00a0Var likt autokl\u0101v\u0101.<br \/>\n&#8211;\u00a0Viegli mazg\u0101jams.<br \/>\n&#8211; Pateicoties \u012bpa\u0161ajam \u0101\u0137i, nav nepiecie\u0161ams ar rok\u0101m pieskarties net\u012brajam mopam.<br \/>\n&#8211; Pateicoties t\u0101 formai, \u0113rti uzvilkt un novilkt mopu.<br \/>\n&#8211;\u00a0Pateicoties k\u0101ta stiprin\u0101juma le\u0146\u0137im, spiediens uz mopu ir vienm\u0113r\u012bgs, kas savuk\u0101rt nodro\u0161ina vienm\u0113r\u012bgu t\u012br\u012b\u0161anu.<br \/>\n&#8211; Abpus\u0113ji lietojams, kas savuk\u0101rt nodro\u0161ina dubullielas plat\u012bbas uzkop\u0161anu ar vienu mopu.<\/div>\n<\/div>\n<\/div>\n<\/div>\n<\/div>\n<\/div>\n<\/div>\n<\/div>\n<\/div>\n<\/div>\n<\/div>\n<\/div>\n<\/div>\n<\/div>\n<\/div>\n<\/div>\n<\/div>\n<\/div>\n<\/div>\n<\/div>\n<\/div>\n<\/div>\n<\/div>\n<\/div>\n<\/div>\n<\/div>\n<\/div>\n<\/div>\n<\/div>\n<\/div>\n<\/div>\n<\/div>\n<\/div>\n<\/div>\n","protected":false},"excerpt":{"rendered":"<div class=\"item_meta\"><\/div>\n<div><\/div>\n","protected":false},"featured_media":47248,"template":"","meta":{"inline_featured_image":false},"product_cat":[1751],"product_tag":[],"class_list":{"0":"post-47247","1":"product","2":"type-product","3":"status-publish","4":"has-post-thumbnail","6":"product_cat-mopu-stativi","8":"first","9":"instock","10":"taxable","11":"shipping-taxable","12":"purchasable","13":"product-type-simple","14":"add-to-wishlist-after_add_to_cart"},"_links":{"self":[{"href":"https:\/\/alkaline.lv\/en\/wp-json\/wp\/v2\/product\/47247"}],"collection":[{"href":"https:\/\/alkaline.lv\/en\/wp-json\/wp\/v2\/product"}],"about":[{"href":"https:\/\/alkaline.lv\/en\/wp-json\/wp\/v2\/types\/product"}],"wp:featuredmedia":[{"embeddable":true,"href":"https:\/\/alkaline.lv\/en\/wp-json\/wp\/v2\/media\/47248"}],"wp:attachment":[{"href":"https:\/\/alkaline.lv\/en\/wp-json\/wp\/v2\/media?parent=47247"}],"wp:term":[{"taxonomy":"product_cat","embeddable":true,"href":"https:\/\/alkaline.lv\/en\/wp-json\/wp\/v2\/product_cat?post=47247"},{"taxonomy":"product_tag","embeddable":true,"href":"https:\/\/alkaline.lv\/en\/wp-json\/wp\/v2\/product_tag?post=47247"}],"curies":[{"name":"wp","href":"https:\/\/api.w.org\/{rel}","templated":true}]}}