{"id":47258,"date":"2023-01-09T14:26:23","date_gmt":"2023-01-09T12:26:23","guid":{"rendered":"https:\/\/alkaline.lv\/?post_type=product&#038;p=47258"},"modified":"2023-01-09T14:34:21","modified_gmt":"2023-01-09T12:34:21","slug":"mop-lupata-50cm-dan-mop-twin-abpuseja-peleka-stadsing","status":"publish","type":"product","link":"https:\/\/alkaline.lv\/en\/products\/mop-lupata-50cm-dan-mop-twin-abpuseja-peleka-stadsing\/","title":{"rendered":"MOP lupata 50cm Dan Mop TWIN abpus\u0113ja pel\u0113ka, (Stadsing)"},"content":{"rendered":"<div class=\"prodview-info-about\">\n<div class=\"prodview-info-about\">\n<div class=\"prodview-info-about\">\n<div class=\"prodview-info-about\">\n<div class=\"prodview-info-about\">\n<div class=\"prodview-info-about\">\n<div class=\"prodview-info-about\">\n<div class=\"prodview-info-about\">\n<div class=\"prodview-info-about\">\n<div class=\"prodview-info-about\">\n<div class=\"prodview-info-about\">\n<div class=\"prodview-info-about\">\n<div class=\"prodview-info-about\">\n<div class=\"prodview-info-about\">\n<div class=\"prodview-info-about\">\n<div class=\"prodview-info-about\">\n<div class=\"prodview-info-about\">\n<div class=\"prodview-info-about\">\n<div class=\"prodview-info-about\">\n<div class=\"prodview-info-about\">\n<div class=\"prodview-info-about\">\n<div class=\"prodview-info-about\">\n<div class=\"prodview-info-about\">\n<div class=\"prodview-info-about\">\n<div class=\"prodview-info-about\">\n<div class=\"prodview-info-about\">\n<div class=\"prodview-info-about\">\n<div class=\"prodview-info-about\">\n<div class=\"prodview-info-about\">\n<div class=\"prodview-info-about\">\n<div class=\"prodview-info-about\">\n<div class=\"prodview-info-about\">\n<p>Dan-Mop\u00ae Curve Twin Micro ir abpus\u0113js mikro\u0161\u0137iedras mops ikdienas t\u012br\u012b\u0161anai. T\u0101 k\u0101 tam ir divas puses, mopam nav nepiecie\u0161ams tik bie\u017ei mitrin\u0101t, sal\u012bdzinot ar parasto vienpus\u0113jo mopu. Alternat\u012bvi, katru pusi var izmantot da\u017e\u0101diem uzdevumiem: piem\u0113ram, vienu pusi izmantojiet gr\u012bdas mazg\u0101\u0161anai, bet otru &#8211; liek\u0101 \u016bdens noslauc\u012b\u0161anai.<\/p>\n<p>Abpus\u0113js<\/p>\n<p>Var lietot sausu vai mitru<\/p>\n<p>Var mazg\u0101t vismaz 400 reizes<\/p>\n<p>Garums: 50 cm.<\/p>\n<p><strong>Ra\u017eot\u0101js: Stadsing<\/strong><\/p>\n<\/div>\n<\/div>\n<\/div>\n<\/div>\n<\/div>\n<\/div>\n<\/div>\n<\/div>\n<\/div>\n<\/div>\n<\/div>\n<\/div>\n<\/div>\n<\/div>\n<\/div>\n<\/div>\n<\/div>\n<\/div>\n<\/div>\n<\/div>\n<\/div>\n<\/div>\n<\/div>\n<\/div>\n<\/div>\n<\/div>\n<\/div>\n<\/div>\n<\/div>\n<\/div>\n<\/div>\n<\/div>\n","protected":false},"excerpt":{"rendered":"<div class=\"item_meta\"><\/div>\n<div><\/div>\n","protected":false},"featured_media":47259,"template":"","meta":{"inline_featured_image":false},"product_cat":[1746],"product_tag":[],"class_list":{"0":"post-47258","1":"product","2":"type-product","3":"status-publish","4":"has-post-thumbnail","6":"product_cat-mopi-ar-kabatam","8":"first","9":"instock","10":"taxable","11":"shipping-taxable","12":"purchasable","13":"product-type-simple","14":"add-to-wishlist-after_add_to_cart"},"_links":{"self":[{"href":"https:\/\/alkaline.lv\/en\/wp-json\/wp\/v2\/product\/47258"}],"collection":[{"href":"https:\/\/alkaline.lv\/en\/wp-json\/wp\/v2\/product"}],"about":[{"href":"https:\/\/alkaline.lv\/en\/wp-json\/wp\/v2\/types\/product"}],"wp:featuredmedia":[{"embeddable":true,"href":"https:\/\/alkaline.lv\/en\/wp-json\/wp\/v2\/media\/47259"}],"wp:attachment":[{"href":"https:\/\/alkaline.lv\/en\/wp-json\/wp\/v2\/media?parent=47258"}],"wp:term":[{"taxonomy":"product_cat","embeddable":true,"href":"https:\/\/alkaline.lv\/en\/wp-json\/wp\/v2\/product_cat?post=47258"},{"taxonomy":"product_tag","embeddable":true,"href":"https:\/\/alkaline.lv\/en\/wp-json\/wp\/v2\/product_tag?post=47258"}],"curies":[{"name":"wp","href":"https:\/\/api.w.org\/{rel}","templated":true}]}}