{"id":47328,"date":"2023-01-27T14:05:40","date_gmt":"2023-01-27T12:05:40","guid":{"rendered":"https:\/\/alkaline.lv\/?post_type=product&#038;p=47328"},"modified":"2024-11-07T10:49:49","modified_gmt":"2024-11-07T08:49:49","slug":"tualetes-tirisanas-lidzeklis-room-care-r9-plus-pur-eco-15l","status":"publish","type":"product","link":"https:\/\/alkaline.lv\/en\/products\/tualetes-tirisanas-lidzeklis-room-care-r9-plus-pur-eco-15l\/","title":{"rendered":"Tualetes t\u012br\u012b\u0161anas l\u012bdzeklis ROOM CARE R9-plus PUR ECO, 2L"},"content":{"rendered":"<p>Koncentr\u0113ts sanit\u0101ro telpu ikdienas t\u012br\u012b\u0161anas l\u012bdzeklis.\u00a0Paredz\u0113ts lieto\u0161anai tikai ar Divermite\/DQFM doz\u0113\u0161anas sist\u0113mu.<br \/>\n<strong>\u012apa\u0161\u012bbas:<\/strong><br \/>\n\u2022 Sast\u0101vs uz citronsk\u0101bes b\u0101zes<br \/>\n\u2022 Viegls, delik\u0101ts un svaigs arom\u0101ts<br \/>\n\u2022 Tiek izmantota unik\u0101la un videi draudz\u012bga maisi\u0146u tehnolo\u0123ija<br \/>\n\u2022 Atbilst ES-Ecolabel krit\u0113rijiem<\/p>\n<p><strong>Priek\u0161roc\u012bbas:<\/strong><br \/>\n\u2022 Ide\u0101li piem\u0113rots ikdienas lieto\u0161anai cieta \u016bdens apst\u0101k\u013cos<br \/>\n\u2022 Efekt\u012bvi likvid\u0113 sanit\u0101raj\u0101s telp\u0101s sastopamos net\u012brumus<br \/>\n\u2022 Lietojot regul\u0101ri, tiek aizkav\u0113ta ka\u013c\u0137akmens nogul\u0161\u0146u veido\u0161an\u0101s<br \/>\n\u2022 Pie\u0161\u0137ir telpai pat\u012bkamu arom\u0101tu<br \/>\n\u2022 Kr\u0101su un burtciparu kods, lai izvair\u012btos no pielietojuma k\u013c\u016bd\u0101m<\/p>\n<p><strong>B\u012bstam\u012bbas pazi\u0146ojumi:<\/strong>\u00a0EUH210 &#8211; Dro\u0161\u012bbas datu lapa ir pieejama p\u0113c piepras\u012bjuma.<\/p>\n<p><strong>Tilpums: 2<\/strong><strong>L<\/strong><\/p>\n<p>&nbsp;<\/p>\n","protected":false},"excerpt":{"rendered":"<div class=\"item_meta\"><\/div>\n<div><\/div>\n","protected":false},"featured_media":72210,"template":"","meta":{"inline_featured_image":false},"product_cat":[78],"product_tag":[],"class_list":{"0":"post-47328","1":"product","2":"type-product","3":"status-publish","4":"has-post-thumbnail","6":"product_cat-sanitaro-telpu-tirisanai","8":"first","9":"instock","10":"taxable","11":"shipping-taxable","12":"purchasable","13":"product-type-simple","14":"add-to-wishlist-after_add_to_cart"},"_links":{"self":[{"href":"https:\/\/alkaline.lv\/en\/wp-json\/wp\/v2\/product\/47328","targetHints":{"allow":["GET"]}}],"collection":[{"href":"https:\/\/alkaline.lv\/en\/wp-json\/wp\/v2\/product"}],"about":[{"href":"https:\/\/alkaline.lv\/en\/wp-json\/wp\/v2\/types\/product"}],"wp:featuredmedia":[{"embeddable":true,"href":"https:\/\/alkaline.lv\/en\/wp-json\/wp\/v2\/media\/72210"}],"wp:attachment":[{"href":"https:\/\/alkaline.lv\/en\/wp-json\/wp\/v2\/media?parent=47328"}],"wp:term":[{"taxonomy":"product_cat","embeddable":true,"href":"https:\/\/alkaline.lv\/en\/wp-json\/wp\/v2\/product_cat?post=47328"},{"taxonomy":"product_tag","embeddable":true,"href":"https:\/\/alkaline.lv\/en\/wp-json\/wp\/v2\/product_tag?post=47328"}],"curies":[{"name":"wp","href":"https:\/\/api.w.org\/{rel}","templated":true}]}}