{"id":47346,"date":"2023-02-01T14:53:03","date_gmt":"2023-02-01T12:53:03","guid":{"rendered":"https:\/\/alkaline.lv\/?post_type=product&#038;p=47346"},"modified":"2023-02-01T14:57:47","modified_gmt":"2023-02-01T12:57:47","slug":"roku-dvieli-tork-advanced-soft-h1-celuloze2-slani-150-m-6-rulli-iepak","status":"publish","type":"product","link":"https:\/\/alkaline.lv\/en\/products\/roku-dvieli-tork-advanced-soft-h1-celuloze2-slani-150-m-6-rulli-iepak\/","title":{"rendered":"Roku dvie\u013ci TORK ADVANCED SOFT H1, celuloze,2 sl\u0101\u0146i, 150 m, 6 ru\u013c\u013ci\/iepak."},"content":{"rendered":"<ul>\n<li>2 sl\u0101\u0146i<\/li>\n<li>Celuloze<\/li>\n<li>Ru\u013c\u013ca garums: 150 m<\/li>\n<li>Ru\u013c\u013ca diametrs: 19 cm<\/li>\n<li>6 ru\u013c\u013ci iepakojum\u0101<\/li>\n<li>Paredz\u0113ts Tork sist\u0113m\u0101m<\/li>\n<li>Ru\u013c\u013ca platums 21 cm<\/li>\n<\/ul>\n<p>&nbsp;<\/p>\n","protected":false},"excerpt":{"rendered":"<p>2 sl\u0101\u0146i Celuloze Ru\u013c\u013ca garums: 150 m Ru\u013c\u013ca diametrs: 19 cm 6 ru\u013c\u013ci iepakojum\u0101 Paredz\u0113ts Tork sist\u0113m\u0101m Ru\u013c\u013ca platums 21 cm &nbsp;<\/p>\n","protected":false},"featured_media":47347,"template":"","meta":{"inline_featured_image":false},"product_cat":[91],"product_tag":[],"class_list":{"0":"post-47346","1":"product","2":"type-product","3":"status-publish","4":"has-post-thumbnail","6":"product_cat-roku-dvieli","8":"first","9":"instock","10":"taxable","11":"shipping-taxable","12":"purchasable","13":"product-type-simple","14":"add-to-wishlist-after_add_to_cart"},"_links":{"self":[{"href":"https:\/\/alkaline.lv\/en\/wp-json\/wp\/v2\/product\/47346"}],"collection":[{"href":"https:\/\/alkaline.lv\/en\/wp-json\/wp\/v2\/product"}],"about":[{"href":"https:\/\/alkaline.lv\/en\/wp-json\/wp\/v2\/types\/product"}],"wp:featuredmedia":[{"embeddable":true,"href":"https:\/\/alkaline.lv\/en\/wp-json\/wp\/v2\/media\/47347"}],"wp:attachment":[{"href":"https:\/\/alkaline.lv\/en\/wp-json\/wp\/v2\/media?parent=47346"}],"wp:term":[{"taxonomy":"product_cat","embeddable":true,"href":"https:\/\/alkaline.lv\/en\/wp-json\/wp\/v2\/product_cat?post=47346"},{"taxonomy":"product_tag","embeddable":true,"href":"https:\/\/alkaline.lv\/en\/wp-json\/wp\/v2\/product_tag?post=47346"}],"curies":[{"name":"wp","href":"https:\/\/api.w.org\/{rel}","templated":true}]}}