{"id":47495,"date":"2023-02-14T19:38:24","date_gmt":"2023-02-14T17:38:24","guid":{"rendered":"https:\/\/alkaline.lv\/?post_type=product&#038;p=47495"},"modified":"2023-08-17T11:06:03","modified_gmt":"2023-08-17T08:06:03","slug":"nerusejosa-terauda-virsmu-tirisanas-lidzeklis-suma-inox-d7-1-750ml","status":"publish","type":"product","link":"https:\/\/alkaline.lv\/en\/products\/nerusejosa-terauda-virsmu-tirisanas-lidzeklis-suma-inox-d7-1-750ml\/","title":{"rendered":"Ner\u016bs\u0113jo\u0161\u0101 t\u0113rauda virsmu t\u012br\u012b\u0161anas l\u012bdzeklis SUMA INOX D7.1, 750ml"},"content":{"rendered":"<p>Ner\u016bs\u0113jo\u0161\u0101 t\u0113rauda pul\u0113\u0161ana<br \/>\n\u0100tri no\u0146em plankumus un pirkstu nospiedumus uz virsm\u0101m<br \/>\nAtgrie\u017e virsmu s\u0101kotn\u0113j\u0101 izskat\u0101 un mat\u0113taj\u0101 sp\u012bdum\u0101<br \/>\nIlgu laiku aizsarg\u0101 virsmu no pirkstu nospiedumiem<br \/>\nPiem\u0113rots t\u0101du met\u0101la virsmu t\u012br\u012b\u0161anai un pul\u0113\u0161anai, kuras nav saskar\u0113 ar p\u0101rtiku un nav pak\u013cautas kars\u0113\u0161anai<\/p>\n<p><strong>pH 7<\/strong><\/p>\n<p><strong>Tilpums: 750 ml<\/strong><\/p>\n","protected":false},"excerpt":{"rendered":"<div class=\"item_meta\"><\/div>\n<div><\/div>\n","protected":false},"featured_media":47496,"template":"","meta":{"inline_featured_image":false},"product_cat":[79,127],"product_tag":[],"class_list":{"0":"post-47495","1":"product","2":"type-product","3":"status-publish","4":"has-post-thumbnail","6":"product_cat-specialu-virsmu-tirisanai","7":"product_cat-virtuves-virsmu-tirisanai","9":"first","10":"instock","11":"taxable","12":"shipping-taxable","13":"purchasable","14":"product-type-simple","15":"add-to-wishlist-after_add_to_cart"},"_links":{"self":[{"href":"https:\/\/alkaline.lv\/en\/wp-json\/wp\/v2\/product\/47495","targetHints":{"allow":["GET"]}}],"collection":[{"href":"https:\/\/alkaline.lv\/en\/wp-json\/wp\/v2\/product"}],"about":[{"href":"https:\/\/alkaline.lv\/en\/wp-json\/wp\/v2\/types\/product"}],"wp:featuredmedia":[{"embeddable":true,"href":"https:\/\/alkaline.lv\/en\/wp-json\/wp\/v2\/media\/47496"}],"wp:attachment":[{"href":"https:\/\/alkaline.lv\/en\/wp-json\/wp\/v2\/media?parent=47495"}],"wp:term":[{"taxonomy":"product_cat","embeddable":true,"href":"https:\/\/alkaline.lv\/en\/wp-json\/wp\/v2\/product_cat?post=47495"},{"taxonomy":"product_tag","embeddable":true,"href":"https:\/\/alkaline.lv\/en\/wp-json\/wp\/v2\/product_tag?post=47495"}],"curies":[{"name":"wp","href":"https:\/\/api.w.org\/{rel}","templated":true}]}}