{"id":48163,"date":"2023-03-26T14:44:56","date_gmt":"2023-03-26T11:44:56","guid":{"rendered":"https:\/\/alkaline.lv\/?post_type=product&#038;p=48163"},"modified":"2023-03-26T14:46:32","modified_gmt":"2023-03-26T11:46:32","slug":"mape-aploksne-eller-pp-a4-gaisi-zila","status":"publish","type":"product","link":"https:\/\/alkaline.lv\/en\/products\/mape-aploksne-eller-pp-a4-gaisi-zila\/","title":{"rendered":"Mape aploksne ELLER, PP, A4, gai\u0161i zila"},"content":{"rendered":"<div class=\"PRODUCT__description desc description\">\n<div id=\"product-09d0241b0db34059044cd89e0e670e9c\">\n<div class=\"PRODUCT__description desc description\">\n<div id=\"product-fbce17f0aa7ee33a0ba5d6a2cdb3ae4b\">\n<div class=\"PRODUCT__description desc description\">\n<div>A4 form\u0101ts<br \/>\nIzgatavota no caursp\u012bd\u012bga kr\u0101saina pp metari\u0101la<br \/>\nHorizont\u0101la<br \/>\nViena kabata ar spiegodu<br \/>\nIepakojum\u0101 12 gab.<\/div>\n<p>&nbsp;<\/p>\n<\/div>\n<div class=\"PRODUCT__actions\">\n<div class=\"PRODUCT__actions-item\"><\/div>\n<\/div>\n<\/div>\n<\/div>\n<\/div>\n<\/div>\n","protected":false},"excerpt":{"rendered":"<div class=\"item_meta\"><\/div>\n<div><\/div>\n","protected":false},"featured_media":48164,"template":"","meta":{"inline_featured_image":false},"product_cat":[284],"product_tag":[],"class_list":{"0":"post-48163","1":"product","2":"type-product","3":"status-publish","4":"has-post-thumbnail","6":"product_cat-mapes-aploksnes","8":"first","9":"instock","10":"taxable","11":"shipping-taxable","12":"purchasable","13":"product-type-simple","14":"add-to-wishlist-after_add_to_cart"},"_links":{"self":[{"href":"https:\/\/alkaline.lv\/en\/wp-json\/wp\/v2\/product\/48163"}],"collection":[{"href":"https:\/\/alkaline.lv\/en\/wp-json\/wp\/v2\/product"}],"about":[{"href":"https:\/\/alkaline.lv\/en\/wp-json\/wp\/v2\/types\/product"}],"wp:featuredmedia":[{"embeddable":true,"href":"https:\/\/alkaline.lv\/en\/wp-json\/wp\/v2\/media\/48164"}],"wp:attachment":[{"href":"https:\/\/alkaline.lv\/en\/wp-json\/wp\/v2\/media?parent=48163"}],"wp:term":[{"taxonomy":"product_cat","embeddable":true,"href":"https:\/\/alkaline.lv\/en\/wp-json\/wp\/v2\/product_cat?post=48163"},{"taxonomy":"product_tag","embeddable":true,"href":"https:\/\/alkaline.lv\/en\/wp-json\/wp\/v2\/product_tag?post=48163"}],"curies":[{"name":"wp","href":"https:\/\/api.w.org\/{rel}","templated":true}]}}