{"id":5170,"date":"2021-07-22T11:09:11","date_gmt":"2021-07-22T08:09:11","guid":{"rendered":"https:\/\/alkaline.lv\/?post_type=product&#038;p=5170"},"modified":"2021-07-22T11:11:10","modified_gmt":"2021-07-22T08:11:10","slug":"laminesanas-pleves-gbc-a3-80-mic-100","status":"publish","type":"product","link":"https:\/\/alkaline.lv\/en\/products\/laminesanas-pleves-gbc-a3-80-mic-100\/","title":{"rendered":"Lamin\u0113\u0161anas pl\u0113ves GBC A3 80 Mic (100)"},"content":{"rendered":"<div class=\"PRODUCT__description desc description\">\n<div id=\"product-09d0241b0db34059044cd89e0e670e9c\">Form\u0101ts A3<br \/>\nLamin\u0113\u0161anas pl\u0113ves biezums 80 mic.<br \/>\nGlanc\u0113tas<br \/>\nZ\u012bmols GBC<br \/>\nSkaits iepakojum\u0101 100 GAB<\/div>\n<\/div>\n<p>&nbsp;<\/p>\n","protected":false},"excerpt":{"rendered":"<div class=\"item_meta\">Cena ar PVN<strong><span style=\"color: #ff0000;\">\u00a0 32,69 \u20ac<\/span><\/strong><\/div>\n<div><\/div>\n","protected":false},"featured_media":5171,"template":"","meta":{"inline_featured_image":false},"product_cat":[281],"product_tag":[],"class_list":{"0":"post-5170","1":"product","2":"type-product","3":"status-publish","4":"has-post-thumbnail","6":"product_cat-laminesanas-pleves","8":"first","9":"instock","10":"taxable","11":"shipping-taxable","12":"purchasable","13":"product-type-simple","14":"add-to-wishlist-after_add_to_cart"},"_links":{"self":[{"href":"https:\/\/alkaline.lv\/en\/wp-json\/wp\/v2\/product\/5170"}],"collection":[{"href":"https:\/\/alkaline.lv\/en\/wp-json\/wp\/v2\/product"}],"about":[{"href":"https:\/\/alkaline.lv\/en\/wp-json\/wp\/v2\/types\/product"}],"wp:featuredmedia":[{"embeddable":true,"href":"https:\/\/alkaline.lv\/en\/wp-json\/wp\/v2\/media\/5171"}],"wp:attachment":[{"href":"https:\/\/alkaline.lv\/en\/wp-json\/wp\/v2\/media?parent=5170"}],"wp:term":[{"taxonomy":"product_cat","embeddable":true,"href":"https:\/\/alkaline.lv\/en\/wp-json\/wp\/v2\/product_cat?post=5170"},{"taxonomy":"product_tag","embeddable":true,"href":"https:\/\/alkaline.lv\/en\/wp-json\/wp\/v2\/product_tag?post=5170"}],"curies":[{"name":"wp","href":"https:\/\/api.w.org\/{rel}","templated":true}]}}