{"id":5176,"date":"2021-07-26T12:12:24","date_gmt":"2021-07-26T09:12:24","guid":{"rendered":"https:\/\/alkaline.lv\/?post_type=product&#038;p=5176"},"modified":"2021-08-29T14:55:31","modified_gmt":"2021-08-29T11:55:31","slug":"notaru-uzlimes-ar-diametru-50-mm-apalas-baltas-500-uzlimes-rulli","status":"publish","type":"product","link":"https:\/\/alkaline.lv\/en\/products\/notaru-uzlimes-ar-diametru-50-mm-apalas-baltas-500-uzlimes-rulli\/","title":{"rendered":"Not\u0101ru uzl\u012bmes ar diametru 50 mm, apa\u013cas, baltas, 500 uzl\u012bmes\/rull\u012b"},"content":{"rendered":"<div class=\"PRODUCT__description desc description\">\n<div id=\"product-09d0241b0db34059044cd89e0e670e9c\">Apa\u013cas not\u0101ru uzl\u012bmes l\u012bgumiem un citiem dokumentiem<br \/>\nUzl\u012bmes diameters 50 mm<br \/>\nRull\u012b \u2013 500 uzl\u012bmes<br \/>\nBalt\u0101 kr\u0101s\u0101<\/div>\n<\/div>\n<p>&nbsp;<\/p>\n","protected":false},"excerpt":{"rendered":"<div class=\"item_meta\">Cena ar PVN<strong><span style=\"color: #ff0000;\">\u00a0 17,64 \u20ac<\/span><\/strong><\/div>\n<div><\/div>\n","protected":false},"featured_media":5177,"template":"","meta":{"inline_featured_image":false},"product_cat":[315],"product_tag":[],"class_list":{"0":"post-5176","1":"product","2":"type-product","3":"status-publish","4":"has-post-thumbnail","6":"product_cat-piederumi-notariem","8":"first","9":"instock","10":"taxable","11":"shipping-taxable","12":"purchasable","13":"product-type-simple","14":"add-to-wishlist-after_add_to_cart"},"_links":{"self":[{"href":"https:\/\/alkaline.lv\/en\/wp-json\/wp\/v2\/product\/5176","targetHints":{"allow":["GET"]}}],"collection":[{"href":"https:\/\/alkaline.lv\/en\/wp-json\/wp\/v2\/product"}],"about":[{"href":"https:\/\/alkaline.lv\/en\/wp-json\/wp\/v2\/types\/product"}],"wp:featuredmedia":[{"embeddable":true,"href":"https:\/\/alkaline.lv\/en\/wp-json\/wp\/v2\/media\/5177"}],"wp:attachment":[{"href":"https:\/\/alkaline.lv\/en\/wp-json\/wp\/v2\/media?parent=5176"}],"wp:term":[{"taxonomy":"product_cat","embeddable":true,"href":"https:\/\/alkaline.lv\/en\/wp-json\/wp\/v2\/product_cat?post=5176"},{"taxonomy":"product_tag","embeddable":true,"href":"https:\/\/alkaline.lv\/en\/wp-json\/wp\/v2\/product_tag?post=5176"}],"curies":[{"name":"wp","href":"https:\/\/api.w.org\/{rel}","templated":true}]}}