{"id":5187,"date":"2021-08-11T10:54:55","date_gmt":"2021-08-11T07:54:55","guid":{"rendered":"https:\/\/alkaline.lv\/?post_type=product&#038;p=5187"},"modified":"2023-03-26T16:17:18","modified_gmt":"2023-03-26T13:17:18","slug":"mape-dokumentie-aploksne-patio-a4-mateta-gaisi-zila-krasa","status":"publish","type":"product","link":"https:\/\/alkaline.lv\/en\/products\/mape-dokumentie-aploksne-patio-a4-mateta-gaisi-zila-krasa\/","title":{"rendered":"Mape aploksne ar perfor\u0101ciju PATIO, A4, PP, gai\u0161i zila"},"content":{"rendered":"<div class=\"PRODUCT__description desc description\">\n<div id=\"product-09d0241b0db34059044cd89e0e670e9c\">\n<div class=\"PRODUCT__description desc description\">\n<div id=\"product-fbce17f0aa7ee33a0ba5d6a2cdb3ae4b\">\n<div class=\"PRODUCT__description desc description\">\n<div id=\"product-fbce17f0aa7ee33a0ba5d6a2cdb3ae4b\">A4 form\u0101ts<br \/>\nAr perfor\u0101ciju<br \/>\nIzgatavota no puscaursp\u012bd\u012bga PP materi\u0101la<br \/>\nViena kabata ar spiedpogu<br \/>\nIndeks t\u0101d\u0101 pa\u0161\u0101 kr\u0101s\u0101 k\u0101 v\u0101ks<br \/>\nIetilp\u012bba l\u012bdz 120 lap\u0101m<br \/>\nIepakojum\u0101 6 gab.<\/div>\n<p>&nbsp;<\/p>\n<\/div>\n<div class=\"PRODUCT__actions\">\n<div class=\"PRODUCT__actions-item\"><\/div>\n<\/div>\n<\/div>\n<\/div>\n<\/div>\n<\/div>\n","protected":false},"excerpt":{"rendered":"<div class=\"item_meta\"><\/div>\n<div><\/div>\n","protected":false},"featured_media":5188,"template":"","meta":{"inline_featured_image":false},"product_cat":[284],"product_tag":[],"class_list":{"0":"post-5187","1":"product","2":"type-product","3":"status-publish","4":"has-post-thumbnail","6":"product_cat-mapes-aploksnes","8":"first","9":"instock","10":"taxable","11":"shipping-taxable","12":"purchasable","13":"product-type-simple","14":"add-to-wishlist-after_add_to_cart"},"_links":{"self":[{"href":"https:\/\/alkaline.lv\/en\/wp-json\/wp\/v2\/product\/5187"}],"collection":[{"href":"https:\/\/alkaline.lv\/en\/wp-json\/wp\/v2\/product"}],"about":[{"href":"https:\/\/alkaline.lv\/en\/wp-json\/wp\/v2\/types\/product"}],"wp:featuredmedia":[{"embeddable":true,"href":"https:\/\/alkaline.lv\/en\/wp-json\/wp\/v2\/media\/5188"}],"wp:attachment":[{"href":"https:\/\/alkaline.lv\/en\/wp-json\/wp\/v2\/media?parent=5187"}],"wp:term":[{"taxonomy":"product_cat","embeddable":true,"href":"https:\/\/alkaline.lv\/en\/wp-json\/wp\/v2\/product_cat?post=5187"},{"taxonomy":"product_tag","embeddable":true,"href":"https:\/\/alkaline.lv\/en\/wp-json\/wp\/v2\/product_tag?post=5187"}],"curies":[{"name":"wp","href":"https:\/\/api.w.org\/{rel}","templated":true}]}}