{"id":52420,"date":"2023-07-17T16:24:06","date_gmt":"2023-07-17T13:24:06","guid":{"rendered":"https:\/\/alkaline.lv\/?post_type=product&#038;p=52420"},"modified":"2023-07-17T16:24:07","modified_gmt":"2023-07-17T13:24:07","slug":"limlapinas-tartan-76x76-mm-6x100-l-dazadas-neonkrasas","status":"publish","type":"product","link":"https:\/\/alkaline.lv\/en\/products\/limlapinas-tartan-76x76-mm-6x100-l-dazadas-neonkrasas\/","title":{"rendered":"L\u012bmlapi\u0146as Tartan, 76&#215;76 mm, 6&#215;100 l., da\u017e\u0101das neonkr\u0101sas"},"content":{"rendered":"<p>Neaizvietojams sazi\u0146as l\u012bdzeklis birojos. L\u012bmlapi\u0146as ar l\u012bmes sl\u0101ni vien\u0101 mal\u0101. Vien\u0101 blok\u0101 100 lapi\u0146as.<br \/>\nIepakojum\u0101 6 bloci\u0146i.<\/p>\n","protected":false},"excerpt":{"rendered":"<p>Neaizvietojams sazi\u0146as l\u012bdzeklis birojos. L\u012bmlapi\u0146as ar l\u012bmes sl\u0101ni vien\u0101 mal\u0101. Vien\u0101 blok\u0101 100 lapi\u0146as. Iepakojum\u0101 6 bloci\u0146i.<\/p>\n","protected":false},"featured_media":52421,"template":"","meta":{"inline_featured_image":false},"product_cat":[421],"product_tag":[],"class_list":{"0":"post-52420","1":"product","2":"type-product","3":"status-publish","4":"has-post-thumbnail","6":"product_cat-limlapinas-2","8":"first","9":"instock","10":"taxable","11":"shipping-taxable","12":"purchasable","13":"product-type-simple","14":"add-to-wishlist-after_add_to_cart"},"_links":{"self":[{"href":"https:\/\/alkaline.lv\/en\/wp-json\/wp\/v2\/product\/52420","targetHints":{"allow":["GET"]}}],"collection":[{"href":"https:\/\/alkaline.lv\/en\/wp-json\/wp\/v2\/product"}],"about":[{"href":"https:\/\/alkaline.lv\/en\/wp-json\/wp\/v2\/types\/product"}],"wp:featuredmedia":[{"embeddable":true,"href":"https:\/\/alkaline.lv\/en\/wp-json\/wp\/v2\/media\/52421"}],"wp:attachment":[{"href":"https:\/\/alkaline.lv\/en\/wp-json\/wp\/v2\/media?parent=52420"}],"wp:term":[{"taxonomy":"product_cat","embeddable":true,"href":"https:\/\/alkaline.lv\/en\/wp-json\/wp\/v2\/product_cat?post=52420"},{"taxonomy":"product_tag","embeddable":true,"href":"https:\/\/alkaline.lv\/en\/wp-json\/wp\/v2\/product_tag?post=52420"}],"curies":[{"name":"wp","href":"https:\/\/api.w.org\/{rel}","templated":true}]}}