{"id":5244,"date":"2021-08-11T15:46:44","date_gmt":"2021-08-11T12:46:44","guid":{"rendered":"https:\/\/alkaline.lv\/?post_type=product&#038;p=5244"},"modified":"2024-02-17T21:54:37","modified_gmt":"2024-02-17T19:54:37","slug":"mape-ar-gumiju-forpus-a4-formats-zila","status":"publish","type":"product","link":"https:\/\/alkaline.lv\/en\/products\/mape-ar-gumiju-forpus-a4-formats-zila\/","title":{"rendered":"Mape ar gumiju FORPUS A4 form\u0101ts, zila"},"content":{"rendered":"<div class=\"PRODUCT__description desc description\">\n<div id=\"product-09d0241b0db34059044cd89e0e670e9c\">\n<div class=\"PRODUCT__description desc description\">\n<div id=\"product-fbce17f0aa7ee33a0ba5d6a2cdb3ae4b\">\n<div class=\"PRODUCT__description desc description\">\n<div id=\"product-fbce17f0aa7ee33a0ba5d6a2cdb3ae4b\">\n<div class=\"PRODUCT__description desc description\">A4 form\u0101ts<br \/>\nIzgatavota no iztur\u012bgas plastmasas<br \/>\nAr tr\u012bs atlokiem un st\u016bru gumij\u0101m<br \/>\nMuguri\u0146as platums l\u012bdz 2 cm<\/div>\n<div class=\"PRODUCT__actions\">\n<div class=\"PRODUCT__actions-item\"><\/div>\n<\/div>\n<\/div>\n<\/div>\n<div class=\"PRODUCT__actions\">\n<div class=\"PRODUCT__actions-item\"><\/div>\n<\/div>\n<\/div>\n<\/div>\n<\/div>\n<\/div>\n","protected":false},"excerpt":{"rendered":"<p>A4 form\u0101ts Izgatavota no iztur\u012bgas plastmasas Ar tr\u012bs atlokiem un st\u016bru gumij\u0101m Muguri\u0146as platums l\u012bdz 2 cm<\/p>\n","protected":false},"featured_media":5245,"template":"","meta":{"inline_featured_image":false},"product_cat":[286],"product_tag":[],"class_list":{"0":"post-5244","1":"product","2":"type-product","3":"status-publish","4":"has-post-thumbnail","6":"product_cat-mapes-ar-gumiju","8":"first","9":"instock","10":"taxable","11":"shipping-taxable","12":"purchasable","13":"product-type-simple","14":"add-to-wishlist-after_add_to_cart"},"_links":{"self":[{"href":"https:\/\/alkaline.lv\/en\/wp-json\/wp\/v2\/product\/5244"}],"collection":[{"href":"https:\/\/alkaline.lv\/en\/wp-json\/wp\/v2\/product"}],"about":[{"href":"https:\/\/alkaline.lv\/en\/wp-json\/wp\/v2\/types\/product"}],"wp:featuredmedia":[{"embeddable":true,"href":"https:\/\/alkaline.lv\/en\/wp-json\/wp\/v2\/media\/5245"}],"wp:attachment":[{"href":"https:\/\/alkaline.lv\/en\/wp-json\/wp\/v2\/media?parent=5244"}],"wp:term":[{"taxonomy":"product_cat","embeddable":true,"href":"https:\/\/alkaline.lv\/en\/wp-json\/wp\/v2\/product_cat?post=5244"},{"taxonomy":"product_tag","embeddable":true,"href":"https:\/\/alkaline.lv\/en\/wp-json\/wp\/v2\/product_tag?post=5244"}],"curies":[{"name":"wp","href":"https:\/\/api.w.org\/{rel}","templated":true}]}}