{"id":5270,"date":"2021-08-16T15:14:01","date_gmt":"2021-08-16T12:14:01","guid":{"rendered":"https:\/\/alkaline.lv\/?post_type=product&#038;p=5270"},"modified":"2024-02-17T22:09:17","modified_gmt":"2024-02-17T20:09:17","slug":"mape-dokumentiem-elba-oxford-a4-formats-zila","status":"publish","type":"product","link":"https:\/\/alkaline.lv\/en\/products\/mape-dokumentiem-elba-oxford-a4-formats-zila\/","title":{"rendered":"Mape dokumentiem ELBA OXFORD, A4 form\u0101ts, zila"},"content":{"rendered":"<div class=\"PRODUCT__description desc description\">\n<div id=\"product-09d0241b0db34059044cd89e0e670e9c\">\n<div class=\"PRODUCT__description desc description\">\n<div id=\"product-fbce17f0aa7ee33a0ba5d6a2cdb3ae4b\">\n<div class=\"PRODUCT__description desc description\">\n<div id=\"product-fbce17f0aa7ee33a0ba5d6a2cdb3ae4b\">\n<div class=\"PRODUCT__description desc description\">Elast\u012bga mape ar 3 atlokiem<br \/>\nMulti&#8217;Strat tehnolo\u0123ija nodro\u0161ina augstu iztur\u012bbu pret pl\u012bsumiem un ikdienas lieto\u0161anu, pateicoties t\u0101s ekskluz\u012bvajai daudzsl\u0101\u0146u kartei.<br \/>\nPied\u0101v\u0101 unik\u0101lu un modernu dizainu ar apdruk\u0101tu indeks\u0101cijas zonu uz v\u0101ka, lai to b\u016btu viegli identific\u0113t un personaliz\u0113t.<br \/>\nTr\u012bs atloki, k\u0101 ar\u012b elast\u012bga viela garant\u0113 dro\u0161u visu svar\u012bgo dokumentu aizv\u0113r\u0161anu un glab\u0101\u0161anu. A4 form\u0101ta dokumentiem.<\/div>\n<div class=\"PRODUCT__actions\">\n<div class=\"PRODUCT__actions-item\"><\/div>\n<\/div>\n<\/div>\n<\/div>\n<div class=\"PRODUCT__actions\">\n<div class=\"PRODUCT__actions-item\"><\/div>\n<\/div>\n<\/div>\n<\/div>\n<\/div>\n<\/div>\n","protected":false},"excerpt":{"rendered":"<div class=\"item_meta\"><\/div>\n<div><\/div>\n","protected":false},"featured_media":5271,"template":"","meta":{"inline_featured_image":false},"product_cat":[286],"product_tag":[],"class_list":{"0":"post-5270","1":"product","2":"type-product","3":"status-publish","4":"has-post-thumbnail","6":"product_cat-mapes-ar-gumiju","8":"first","9":"instock","10":"taxable","11":"shipping-taxable","12":"purchasable","13":"product-type-simple","14":"add-to-wishlist-after_add_to_cart"},"_links":{"self":[{"href":"https:\/\/alkaline.lv\/en\/wp-json\/wp\/v2\/product\/5270","targetHints":{"allow":["GET"]}}],"collection":[{"href":"https:\/\/alkaline.lv\/en\/wp-json\/wp\/v2\/product"}],"about":[{"href":"https:\/\/alkaline.lv\/en\/wp-json\/wp\/v2\/types\/product"}],"wp:featuredmedia":[{"embeddable":true,"href":"https:\/\/alkaline.lv\/en\/wp-json\/wp\/v2\/media\/5271"}],"wp:attachment":[{"href":"https:\/\/alkaline.lv\/en\/wp-json\/wp\/v2\/media?parent=5270"}],"wp:term":[{"taxonomy":"product_cat","embeddable":true,"href":"https:\/\/alkaline.lv\/en\/wp-json\/wp\/v2\/product_cat?post=5270"},{"taxonomy":"product_tag","embeddable":true,"href":"https:\/\/alkaline.lv\/en\/wp-json\/wp\/v2\/product_tag?post=5270"}],"curies":[{"name":"wp","href":"https:\/\/api.w.org\/{rel}","templated":true}]}}