{"id":52796,"date":"2023-07-21T10:10:48","date_gmt":"2023-07-21T07:10:48","guid":{"rendered":"https:\/\/alkaline.lv\/?post_type=product&#038;p=52796"},"modified":"2024-07-09T14:06:36","modified_gmt":"2024-07-09T11:06:36","slug":"cimdi-nitrila-black-gentle-touch-pf-xl-100gab-pac","status":"publish","type":"product","link":"https:\/\/alkaline.lv\/en\/products\/cimdi-nitrila-black-gentle-touch-pf-xl-100gab-pac\/","title":{"rendered":"Cimdi nitrila black GENTLE Touch PF XL 100gab\/pac"},"content":{"rendered":"<div class=\"item_meta\">\n<div class=\"prodview-info-about\">\n<div class=\"prodview-info-about\">\n<div class=\"prodview-info-about\">\n<div class=\"prodview-info-about\">\n<div class=\"prodview-info-about\">\n<div class=\"prodview-info-about\">\n<p>Nitrila cimdi ir \u013coti \u0113rti lieto\u0161an\u0101, pateicoties jaun\u0101kaj\u0101m ra\u017eo\u0161anas tehnolo\u0123ij\u0101m.<br \/>\nNodro\u0161ina izcilu satv\u0113riena precizit\u0101ti un augstu aizsardz\u012bbas l\u012bmeni.<br \/>\nIztur\u012bgi, \u0113rti, elast\u012bgi, lieliski piegu\u013c rokai. Lieliski piem\u0113rots lieto\u0161anai medic\u012bn\u0101, kosmetolo\u0123ij\u0101, darb\u0101 un ikdien\u0101.<\/p>\n<\/div>\n<\/div>\n<\/div>\n<\/div>\n<\/div>\n<\/div>\n<\/div>\n","protected":false},"excerpt":{"rendered":"<div class=\"item_meta\"><\/div>\n<div><\/div>\n","protected":false},"featured_media":71992,"template":"","meta":{"inline_featured_image":false},"product_cat":[146],"product_tag":[],"class_list":{"0":"post-52796","1":"product","2":"type-product","3":"status-publish","4":"has-post-thumbnail","6":"product_cat-vienreiz-lietojamie-cimdi","8":"first","9":"instock","10":"taxable","11":"shipping-taxable","12":"purchasable","13":"product-type-simple","14":"add-to-wishlist-after_add_to_cart"},"_links":{"self":[{"href":"https:\/\/alkaline.lv\/en\/wp-json\/wp\/v2\/product\/52796","targetHints":{"allow":["GET"]}}],"collection":[{"href":"https:\/\/alkaline.lv\/en\/wp-json\/wp\/v2\/product"}],"about":[{"href":"https:\/\/alkaline.lv\/en\/wp-json\/wp\/v2\/types\/product"}],"wp:featuredmedia":[{"embeddable":true,"href":"https:\/\/alkaline.lv\/en\/wp-json\/wp\/v2\/media\/71992"}],"wp:attachment":[{"href":"https:\/\/alkaline.lv\/en\/wp-json\/wp\/v2\/media?parent=52796"}],"wp:term":[{"taxonomy":"product_cat","embeddable":true,"href":"https:\/\/alkaline.lv\/en\/wp-json\/wp\/v2\/product_cat?post=52796"},{"taxonomy":"product_tag","embeddable":true,"href":"https:\/\/alkaline.lv\/en\/wp-json\/wp\/v2\/product_tag?post=52796"}],"curies":[{"name":"wp","href":"https:\/\/api.w.org\/{rel}","templated":true}]}}