{"id":5339,"date":"2021-08-17T11:15:01","date_gmt":"2021-08-17T08:15:01","guid":{"rendered":"https:\/\/alkaline.lv\/?post_type=product&#038;p=5339"},"modified":"2023-03-25T02:10:32","modified_gmt":"2023-03-25T00:10:32","slug":"iekarinamais-fails-esselte-classic-a4-zils","status":"publish","type":"product","link":"https:\/\/alkaline.lv\/en\/products\/iekarinamais-fails-esselte-classic-a4-zils\/","title":{"rendered":"Iekarin\u0101mie v\u0101ki Esselte Classic, zili"},"content":{"rendered":"<div class=\"PRODUCT__description desc description\">\n<div id=\"product-09d0241b0db34059044cd89e0e670e9c\">\n<div class=\"PRODUCT__description desc description\">\n<div id=\"product-fbce17f0aa7ee33a0ba5d6a2cdb3ae4b\">\n<div class=\"PRODUCT__description desc description\">\n<div id=\"product-fbce17f0aa7ee33a0ba5d6a2cdb3ae4b\">\n<div class=\"PRODUCT__description desc description\">\n<div class=\"PRODUCT__description desc description\">\n<div id=\"product-123e797886c6d3b21e28cf3ddc02a9c0\">\n<div class=\"PRODUCT__description desc description\">\n<div id=\"product-ee568112b16344c93e0de7d2483d2450\">\n<div class=\"PRODUCT__description desc description\">\n<div id=\"product-467d2a3a855dbbe54eb3b0ab01277d29\">A4 form\u0101ts<br \/>\nIzgatavots no kartona 210 g\/m\u00b2 (kr\u0101sots no ab\u0101m pus\u0113m)<\/div>\n<div>Var papla\u0161in\u0101t l\u012bdz 30 mm (speci\u0101la, iztur\u012bga str\u012bpi\u0146a tiek pieg\u0101d\u0101ta komplekt\u0101)<br \/>\nAr uzrakstu lodzi\u0146iem<\/div>\n<\/div>\n<\/div>\n<\/div>\n<div class=\"PRODUCT__actions\">\n<div class=\"PRODUCT__actions-item\">Iepakojum\u0101 25 Gab<\/div>\n<\/div>\n<\/div>\n<p>&nbsp;<\/p>\n<\/div>\n<div class=\"PRODUCT__actions\">\n<div class=\"PRODUCT__actions-item\"><\/div>\n<\/div>\n<\/div>\n<div class=\"PRODUCT__actions\">\n<div class=\"PRODUCT__actions-item\"><\/div>\n<\/div>\n<\/div>\n<\/div>\n<div class=\"PRODUCT__actions\">\n<div class=\"PRODUCT__actions-item\"><\/div>\n<\/div>\n<\/div>\n<\/div>\n<\/div>\n<\/div>\n","protected":false},"excerpt":{"rendered":"<p>A4 form\u0101ts Izgatavots no kartona 210 g\/m\u00b2 (kr\u0101sots no ab\u0101m pus\u0113m) Var papla\u0161in\u0101t l\u012bdz 30 mm (speci\u0101la, iztur\u012bga str\u012bpi\u0146a tiek pieg\u0101d\u0101ta komplekt\u0101) Ar uzrakstu lodzi\u0146iem Iepakojum\u0101 25 Gab &nbsp;<\/p>\n","protected":false},"featured_media":5340,"template":"","meta":{"inline_featured_image":false},"product_cat":[490],"product_tag":[],"class_list":{"0":"post-5339","1":"product","2":"type-product","3":"status-publish","4":"has-post-thumbnail","6":"product_cat-skapji-un-piederumi","8":"first","9":"instock","10":"taxable","11":"shipping-taxable","12":"purchasable","13":"product-type-simple","14":"add-to-wishlist-after_add_to_cart"},"_links":{"self":[{"href":"https:\/\/alkaline.lv\/en\/wp-json\/wp\/v2\/product\/5339","targetHints":{"allow":["GET"]}}],"collection":[{"href":"https:\/\/alkaline.lv\/en\/wp-json\/wp\/v2\/product"}],"about":[{"href":"https:\/\/alkaline.lv\/en\/wp-json\/wp\/v2\/types\/product"}],"wp:featuredmedia":[{"embeddable":true,"href":"https:\/\/alkaline.lv\/en\/wp-json\/wp\/v2\/media\/5340"}],"wp:attachment":[{"href":"https:\/\/alkaline.lv\/en\/wp-json\/wp\/v2\/media?parent=5339"}],"wp:term":[{"taxonomy":"product_cat","embeddable":true,"href":"https:\/\/alkaline.lv\/en\/wp-json\/wp\/v2\/product_cat?post=5339"},{"taxonomy":"product_tag","embeddable":true,"href":"https:\/\/alkaline.lv\/en\/wp-json\/wp\/v2\/product_tag?post=5339"}],"curies":[{"name":"wp","href":"https:\/\/api.w.org\/{rel}","templated":true}]}}