{"id":5375,"date":"2021-08-17T13:08:00","date_gmt":"2021-08-17T10:08:00","guid":{"rendered":"https:\/\/alkaline.lv\/?post_type=product&#038;p=5375"},"modified":"2022-12-10T14:43:35","modified_gmt":"2022-12-10T12:43:35","slug":"aploksne-polstereta-nr-20-350-x-470-mm-bruna","status":"publish","type":"product","link":"https:\/\/alkaline.lv\/en\/products\/aploksne-polstereta-nr-20-350-x-470-mm-bruna\/","title":{"rendered":"Aploksne polster\u0113ta Nr.20, 350 x 470 mm, br\u016bna"},"content":{"rendered":"<div class=\"PRODUCT__description desc description\">\n<div id=\"product-09d0241b0db34059044cd89e0e670e9c\">\n<div class=\"PRODUCT__description desc description\">\n<div id=\"product-fbce17f0aa7ee33a0ba5d6a2cdb3ae4b\">\n<div class=\"PRODUCT__description desc description\">\n<div id=\"product-fbce17f0aa7ee33a0ba5d6a2cdb3ae4b\">\n<div class=\"PRODUCT__description desc description\">\n<div class=\"PRODUCT__description desc description\">\n<div id=\"product-123e797886c6d3b21e28cf3ddc02a9c0\">\n<div class=\"PRODUCT__description desc description\">\n<div id=\"product-ee568112b16344c93e0de7d2483d2450\">\n<div class=\"PRODUCT__description desc description\">\n<div id=\"product-467d2a3a855dbbe54eb3b0ab01277d29\">\n<div class=\"PRODUCT__description desc description\">\n<div id=\"product-eebdc1d914de808930f481d37f978a85\">Pa\u0161l\u012bm\u0113jo\u0161\u0101s pasta paci\u0146as no iztur\u012bga br\u016bna pap\u012bra<br \/>\nAr polietil\u0113na gaisa spilventi\u0146u polster\u0113jumu<br \/>\nTaisna aizdare<\/div>\n<div>Iek\u0161\u0113jais izm\u0113rs: 350 x 470 mm<\/div>\n<\/div>\n<div class=\"PRODUCT__actions\">\n<div class=\"PRODUCT__actions-item\">\u0100r\u0113jais izm\u0113rs: 372 x 480 mm<\/div>\n<\/div>\n<\/div>\n<\/div>\n<\/div>\n<\/div>\n<\/div>\n<p>&nbsp;<\/p>\n<\/div>\n<div class=\"PRODUCT__actions\">\n<div class=\"PRODUCT__actions-item\"><\/div>\n<\/div>\n<\/div>\n<div class=\"PRODUCT__actions\">\n<div class=\"PRODUCT__actions-item\"><\/div>\n<\/div>\n<\/div>\n<\/div>\n<div class=\"PRODUCT__actions\">\n<div class=\"PRODUCT__actions-item\"><\/div>\n<\/div>\n<\/div>\n<\/div>\n<\/div>\n<\/div>\n","protected":false},"excerpt":{"rendered":"<p>Pa\u0161l\u012bm\u0113jo\u0161\u0101s pasta paci\u0146as no iztur\u012bga br\u016bna pap\u012bra Ar polietil\u0113na gaisa spilventi\u0146u polster\u0113jumu Taisna aizdare Iek\u0161\u0113jais izm\u0113rs: 350 x 470 mm \u0100r\u0113jais izm\u0113rs: 372 x 480 mm &nbsp;<\/p>\n","protected":false},"featured_media":5376,"template":"","meta":{"inline_featured_image":false},"product_cat":[293],"product_tag":[],"class_list":{"0":"post-5375","1":"product","2":"type-product","3":"status-publish","4":"has-post-thumbnail","6":"product_cat-polsteretas-aploksnes","8":"first","9":"instock","10":"taxable","11":"shipping-taxable","12":"purchasable","13":"product-type-simple","14":"add-to-wishlist-after_add_to_cart"},"_links":{"self":[{"href":"https:\/\/alkaline.lv\/en\/wp-json\/wp\/v2\/product\/5375"}],"collection":[{"href":"https:\/\/alkaline.lv\/en\/wp-json\/wp\/v2\/product"}],"about":[{"href":"https:\/\/alkaline.lv\/en\/wp-json\/wp\/v2\/types\/product"}],"wp:featuredmedia":[{"embeddable":true,"href":"https:\/\/alkaline.lv\/en\/wp-json\/wp\/v2\/media\/5376"}],"wp:attachment":[{"href":"https:\/\/alkaline.lv\/en\/wp-json\/wp\/v2\/media?parent=5375"}],"wp:term":[{"taxonomy":"product_cat","embeddable":true,"href":"https:\/\/alkaline.lv\/en\/wp-json\/wp\/v2\/product_cat?post=5375"},{"taxonomy":"product_tag","embeddable":true,"href":"https:\/\/alkaline.lv\/en\/wp-json\/wp\/v2\/product_tag?post=5375"}],"curies":[{"name":"wp","href":"https:\/\/api.w.org\/{rel}","templated":true}]}}