{"id":5397,"date":"2021-08-17T15:32:18","date_gmt":"2021-08-17T12:32:18","guid":{"rendered":"https:\/\/alkaline.lv\/?post_type=product&#038;p=5397"},"modified":"2022-11-14T01:00:07","modified_gmt":"2022-11-13T23:00:07","slug":"aploksnes-postfix-c5-50-gab-baltas","status":"publish","type":"product","link":"https:\/\/alkaline.lv\/en\/products\/aploksnes-postfix-c5-50-gab-baltas\/","title":{"rendered":"Aploksnes Postfix C5, 50 gab., baltas"},"content":{"rendered":"<div class=\"PRODUCT__description desc description\">\n<div id=\"product-09d0241b0db34059044cd89e0e670e9c\">\n<div class=\"PRODUCT__description desc description\">\n<div id=\"product-fbce17f0aa7ee33a0ba5d6a2cdb3ae4b\">\n<div class=\"PRODUCT__description desc description\">\n<div id=\"product-fbce17f0aa7ee33a0ba5d6a2cdb3ae4b\">\n<div class=\"PRODUCT__description desc description\">\n<div class=\"PRODUCT__description desc description\">\n<div id=\"product-123e797886c6d3b21e28cf3ddc02a9c0\">\n<div class=\"PRODUCT__description desc description\">\n<div id=\"product-ee568112b16344c93e0de7d2483d2450\">\n<div class=\"PRODUCT__description desc description\">\n<div id=\"product-467d2a3a855dbbe54eb3b0ab01277d29\">\n<div class=\"PRODUCT__description desc description\">\n<div id=\"product-eebdc1d914de808930f481d37f978a85\">Ar silikona lenti l\u012bmes aizsardz\u012bbai<\/div>\n<div>Pa\u0161l\u012bm\u0113jo\u0161as izgatavotas no augstas kvalit\u0101tes balta pap\u012bra 80g\/m2<\/div>\n<div>Izm\u0113rs 162 x 229 mm.<\/div>\n<\/div>\n<\/div>\n<\/div>\n<\/div>\n<\/div>\n<\/div>\n<\/div>\n<div class=\"PRODUCT__actions\">\n<div class=\"PRODUCT__actions-item\"><\/div>\n<\/div>\n<\/div>\n<div class=\"PRODUCT__actions\">\n<div class=\"PRODUCT__actions-item\"><\/div>\n<\/div>\n<\/div>\n<\/div>\n<div class=\"PRODUCT__actions\">\n<div class=\"PRODUCT__actions-item\"><\/div>\n<\/div>\n<\/div>\n<\/div>\n<\/div>\n<\/div>\n","protected":false},"excerpt":{"rendered":"<p>Ar silikona lenti l\u012bmes aizsardz\u012bbai Pa\u0161l\u012bm\u0113jo\u0161as izgatavotas no augstas kvalit\u0101tes balta pap\u012bra 80g\/m2 Izm\u0113rs 162 x 229 mm.<\/p>\n","protected":false},"featured_media":5398,"template":"","meta":{"inline_featured_image":false},"product_cat":[292],"product_tag":[],"class_list":{"0":"post-5397","1":"product","2":"type-product","3":"status-publish","4":"has-post-thumbnail","6":"product_cat-standarta-aploksnes","8":"first","9":"instock","10":"taxable","11":"shipping-taxable","12":"purchasable","13":"product-type-simple","14":"add-to-wishlist-after_add_to_cart"},"_links":{"self":[{"href":"https:\/\/alkaline.lv\/en\/wp-json\/wp\/v2\/product\/5397"}],"collection":[{"href":"https:\/\/alkaline.lv\/en\/wp-json\/wp\/v2\/product"}],"about":[{"href":"https:\/\/alkaline.lv\/en\/wp-json\/wp\/v2\/types\/product"}],"wp:featuredmedia":[{"embeddable":true,"href":"https:\/\/alkaline.lv\/en\/wp-json\/wp\/v2\/media\/5398"}],"wp:attachment":[{"href":"https:\/\/alkaline.lv\/en\/wp-json\/wp\/v2\/media?parent=5397"}],"wp:term":[{"taxonomy":"product_cat","embeddable":true,"href":"https:\/\/alkaline.lv\/en\/wp-json\/wp\/v2\/product_cat?post=5397"},{"taxonomy":"product_tag","embeddable":true,"href":"https:\/\/alkaline.lv\/en\/wp-json\/wp\/v2\/product_tag?post=5397"}],"curies":[{"name":"wp","href":"https:\/\/api.w.org\/{rel}","templated":true}]}}