{"id":54726,"date":"2023-08-04T12:17:28","date_gmt":"2023-08-04T09:17:28","guid":{"rendered":"https:\/\/alkaline.lv\/?post_type=product&#038;p=54726"},"modified":"2024-02-21T10:18:58","modified_gmt":"2024-02-21T08:18:58","slug":"ajax-gridu-mazg-lidz-5l-floral-fiesta","status":"publish","type":"product","link":"https:\/\/alkaline.lv\/en\/products\/ajax-gridu-mazg-lidz-5l-floral-fiesta\/","title":{"rendered":"AJAX gr\u012bdu mazg. l\u012bdz. 5L FLORAL FIESTA"},"content":{"rendered":"<div class=\"col-xs-12 layout--tablet-top-gray-padded\">\n<div class=\"pdp-info-tabs\">\n<div class=\"pdp-info-tabs__content pdp-info-tabs__content-info-description pdp-info-tabs__content--active\">\n<div class=\"col-xs-12 layout--tablet-top-gray-padded\">\n<div class=\"pdp-info-tabs\">\n<div class=\"pdp-info-tabs__content pdp-info-tabs__content-info-description pdp-info-tabs__content--active\">Univers\u0101ls t\u012br\u012b\u0161anas l\u012bdzeklis gr\u012bd\u0101m un cit\u0101m liel\u0101m mazg\u0101jam\u0101m virsm\u0101m ar pat\u012bkamu pavasara ziedu arom\u0101tu.<\/div>\n<\/div>\n<\/div>\n<div class=\"col-xs-12\">\n<div class=\"col-xs-12 layout--tablet-top-gray-padded\">\n<div class=\"pdp-info-tabs\">\n<div class=\"pdp-info-tabs__content pdp-info-tabs__content-info-uses\">L\u012bdzeklis padara virsmas mirdzo\u0161i t\u012bras un saglab\u0101 svaigu arom\u0101tu 24 stundu garum\u0101.<\/div>\n<\/div>\n<\/div>\n<div class=\"col-xs-12\">L\u012bdzeklis dzi\u013ci izt\u012bra gr\u012bdas un citas lielas mazg\u0101jam\u0101s virsmas.<\/div>\n<\/div>\n<\/div>\n<\/div>\n<\/div>\n<div class=\"col-xs-12\">\n<div><\/div>\n<\/div>\n<p><strong>Tilpums: 5<\/strong><strong>L<\/strong><\/p>\n<p>&nbsp;<\/p>\n","protected":false},"excerpt":{"rendered":"<div class=\"item_meta\"><\/div>\n<div><\/div>\n","protected":false},"featured_media":71499,"template":"","meta":{"inline_featured_image":false},"product_cat":[1776],"product_tag":[],"class_list":{"0":"post-54726","1":"product","2":"type-product","3":"status-publish","4":"has-post-thumbnail","6":"product_cat-gridu-ikdienas-uzkopsanai","8":"first","9":"instock","10":"taxable","11":"shipping-taxable","12":"purchasable","13":"product-type-simple","14":"add-to-wishlist-after_add_to_cart"},"_links":{"self":[{"href":"https:\/\/alkaline.lv\/en\/wp-json\/wp\/v2\/product\/54726"}],"collection":[{"href":"https:\/\/alkaline.lv\/en\/wp-json\/wp\/v2\/product"}],"about":[{"href":"https:\/\/alkaline.lv\/en\/wp-json\/wp\/v2\/types\/product"}],"wp:featuredmedia":[{"embeddable":true,"href":"https:\/\/alkaline.lv\/en\/wp-json\/wp\/v2\/media\/71499"}],"wp:attachment":[{"href":"https:\/\/alkaline.lv\/en\/wp-json\/wp\/v2\/media?parent=54726"}],"wp:term":[{"taxonomy":"product_cat","embeddable":true,"href":"https:\/\/alkaline.lv\/en\/wp-json\/wp\/v2\/product_cat?post=54726"},{"taxonomy":"product_tag","embeddable":true,"href":"https:\/\/alkaline.lv\/en\/wp-json\/wp\/v2\/product_tag?post=54726"}],"curies":[{"name":"wp","href":"https:\/\/api.w.org\/{rel}","templated":true}]}}